{"id":13762,"date":"2021-09-24T16:32:49","date_gmt":"2021-09-24T08:32:49","guid":{"rendered":"http:\/\/owinlaser.com\/?page_id=13762"},"modified":"2021-09-30T10:36:04","modified_gmt":"2021-09-30T02:36:04","slug":"sheet_fiber_laser_cutting_machine","status":"publish","type":"page","link":"https:\/\/owinlaser.com\/es\/sheet_fiber_laser_cutting_machine","title":{"rendered":"M\u00e1quina de corte por l\u00e1ser de fibra de hoja"},"content":{"rendered":"<div data-elementor-type=\"wp-page\" data-elementor-id=\"13762\" class=\"elementor elementor-13762\">\n\t\t\t\t\t\t<section class=\"elementor-section elementor-top-section elementor-element elementor-element-1fac36dc elementor-section-boxed elementor-section-height-default elementor-section-height-default\" data-id=\"1fac36dc\" data-element_type=\"section\">\n\t\t\t\t\t\t<div class=\"elementor-container elementor-column-gap-default\">\n\t\t\t\t\t<div class=\"elementor-column elementor-col-100 elementor-top-column elementor-element elementor-element-613cb117 ot-flex-column-vertical\" data-id=\"613cb117\" data-element_type=\"column\">\n\t\t\t<div class=\"elementor-widget-wrap elementor-element-populated\">\n\t\t\t\t\t\t<div class=\"elementor-element elementor-element-4caf963 elementor-widget elementor-widget-heading\" data-id=\"4caf963\" data-element_type=\"widget\" data-widget_type=\"heading.default\">\n\t\t\t\t<div class=\"elementor-widget-container\">\n\t\t\t\t\t<h2 class=\"elementor-heading-title elementor-size-default\">M\u00e1quina de corte por l\u00e1ser de fibra de hoja<\/h2>\t\t\t\t<\/div>\n\t\t\t\t<\/div>\n\t\t\t\t<div class=\"elementor-element elementor-element-a50b114 elementor-widget elementor-widget-ipost_grid\" data-id=\"a50b114\" data-element_type=\"widget\" data-widget_type=\"ipost_grid.default\">\n\t\t\t\t<div class=\"elementor-widget-container\">\n\t\t\t\t\t\t\t<div class=\"blog-grid pf_3_cols v-light\">\r\n        \t \r\n\t\t\t\t<article id=\"post-13850\" class=\"post-box masonry-post-item post-13850 post type-post status-publish format-audio hentry category-sheet_fiber_laser_cutting_machine post_format-post-format-audio\">\r\n\t\t\t\t\t<div class=\"post-inner\">\r\n\t\t\t\t\t    \r\n\t\t\t\t\t    \t\t\t\t\t\t\t\t<div class=\"audio-box\">\r\n\t\t\t\t\t\t\t\t<iframe scrolling=\"no\" frameborder=\"no\" src=\"https:\/\/www.youtube.com\/embed\/fk1v1yeLVLQ\"><\/iframe>\r\n\t\t\t\t\t\t\t<\/div>\r\n\t\t\t\t\t\t\t\t\t\t\t\t\t\r\n\r\n\t\t\t\t\t    \r\n\t\t\t\t\t    <div class=\"inner-post\">\r\n\t\t\t\t\t        <div class=\"entry-header\">\r\n\t\t\t\t\t        \t\t\t\t\t\t            <h5 class=\"entry-title\"><a class=\"title-link\" href=\"https:\/\/owinlaser.com\/es\/video\/sheet_fiber_laser_cutting_machine\/13850.html\" rel=\"bookmark\">OWF-4020H<\/a><\/h5>\t\t\t\t\t        <\/div><!-- .entry-header -->\r\n\r\n\t\t\t\t\t        <div class=\"the-excerpt video_excerp\">\r\n\t\t\t\t\t            Corte de acero al carbono de 30 mm mediante maquinaria de corte por l\u00e1ser de fibra. L\u00e1ser de fibra de alta potencia 6000W ...\t\t\t\t\t        <\/div><!-- .entry-content -->\r\n\t\t\t\t\t    <\/div>\r\n\t\t\t\t\t<\/div>\r\n\t\t\t\t<\/article>\r\n\t         \r\n\t\t\t\t<article id=\"post-13847\" class=\"post-box masonry-post-item post-13847 post type-post status-publish format-audio hentry category-sheet_fiber_laser_cutting_machine post_format-post-format-audio\">\r\n\t\t\t\t\t<div class=\"post-inner\">\r\n\t\t\t\t\t    \r\n\t\t\t\t\t    \t\t\t\t\t\t\t\t<div class=\"audio-box\">\r\n\t\t\t\t\t\t\t\t<iframe scrolling=\"no\" frameborder=\"no\" src=\"https:\/\/www.youtube.com\/embed\/27Vn3USA6_o\"><\/iframe>\r\n\t\t\t\t\t\t\t<\/div>\r\n\t\t\t\t\t\t\t\t\t\t\t\t\t\r\n\r\n\t\t\t\t\t    \r\n\t\t\t\t\t    <div class=\"inner-post\">\r\n\t\t\t\t\t        <div class=\"entry-header\">\r\n\t\t\t\t\t        \t\t\t\t\t\t            <h5 class=\"entry-title\"><a class=\"title-link\" href=\"https:\/\/owinlaser.com\/es\/video\/sheet_fiber_laser_cutting_machine\/13847.html\" rel=\"bookmark\">OWF-4020H<\/a><\/h5>\t\t\t\t\t        <\/div><!-- .entry-header -->\r\n\r\n\t\t\t\t\t        <div class=\"the-excerpt video_excerp\">\r\n\t\t\t\t\t            Cabezal l\u00e1ser de enfoque autom\u00e1tico con fuente l\u00e1ser de fibra Raycus de alta calidad, rayo l\u00e1ser de alta calidad, ...\t\t\t\t\t        <\/div><!-- .entry-content -->\r\n\t\t\t\t\t    <\/div>\r\n\t\t\t\t\t<\/div>\r\n\t\t\t\t<\/article>\r\n\t         \r\n\t\t\t\t<article id=\"post-13843\" class=\"post-box masonry-post-item post-13843 post type-post status-publish format-audio hentry category-sheet_fiber_laser_cutting_machine post_format-post-format-audio\">\r\n\t\t\t\t\t<div class=\"post-inner\">\r\n\t\t\t\t\t    \r\n\t\t\t\t\t    \t\t\t\t\t\t\t\t<div class=\"audio-box\">\r\n\t\t\t\t\t\t\t\t<iframe scrolling=\"no\" frameborder=\"no\" src=\"https:\/\/www.youtube.com\/embed\/mtWJT2wh4H8\"><\/iframe>\r\n\t\t\t\t\t\t\t<\/div>\r\n\t\t\t\t\t\t\t\t\t\t\t\t\t\r\n\r\n\t\t\t\t\t    \r\n\t\t\t\t\t    <div class=\"inner-post\">\r\n\t\t\t\t\t        <div class=\"entry-header\">\r\n\t\t\t\t\t        \t\t\t\t\t\t            <h5 class=\"entry-title\"><a class=\"title-link\" href=\"https:\/\/owinlaser.com\/es\/video\/sheet_fiber_laser_cutting_machine\/13843.html\" rel=\"bookmark\">OWF-3015S<\/a><\/h5>\t\t\t\t\t        <\/div><!-- .entry-header -->\r\n\r\n\t\t\t\t\t        <div class=\"the-excerpt video_excerp\">\r\n\t\t\t\t\t            La m\u00e1quina l\u00e1ser Owin es popular en industrias de procesos de alta precisi\u00f3n, como procesamiento de chapa, electr\u00f3nica, ascensores, procesamiento de cocinas ...\t\t\t\t\t        <\/div><!-- .entry-content -->\r\n\t\t\t\t\t    <\/div>\r\n\t\t\t\t\t<\/div>\r\n\t\t\t\t<\/article>\r\n\t         \r\n\t\t\t\t<article id=\"post-13841\" class=\"post-box masonry-post-item post-13841 post type-post status-publish format-audio hentry category-sheet_fiber_laser_cutting_machine post_format-post-format-audio\">\r\n\t\t\t\t\t<div class=\"post-inner\">\r\n\t\t\t\t\t    \r\n\t\t\t\t\t    \t\t\t\t\t\t\t\t<div class=\"audio-box\">\r\n\t\t\t\t\t\t\t\t<iframe scrolling=\"no\" frameborder=\"no\" src=\"https:\/\/www.youtube.com\/embed\/getnt_2dOrU\"><\/iframe>\r\n\t\t\t\t\t\t\t<\/div>\r\n\t\t\t\t\t\t\t\t\t\t\t\t\t\r\n\r\n\t\t\t\t\t    \r\n\t\t\t\t\t    <div class=\"inner-post\">\r\n\t\t\t\t\t        <div class=\"entry-header\">\r\n\t\t\t\t\t        \t\t\t\t\t\t            <h5 class=\"entry-title\"><a class=\"title-link\" href=\"https:\/\/owinlaser.com\/es\/video\/sheet_fiber_laser_cutting_machine\/13841.html\" rel=\"bookmark\">OWF-3015S<\/a><\/h5>\t\t\t\t\t        <\/div><!-- .entry-header -->\r\n\r\n\t\t\t\t\t        <div class=\"the-excerpt video_excerp\">\r\n\t\t\t\t\t            M\u00e1quina l\u00e1ser de fibra que se utiliza para acero al carbono, acero inoxidable, acero al silicio, chapa de aleaci\u00f3n, aluminio, aleaci\u00f3n de aluminio, chapa galvanizada, chapa decapada, cobre, lat\u00f3n, plata, titanio y tuber\u00eda de metal.\t\t\t\t\t        <\/div><!-- .entry-content -->\r\n\t\t\t\t\t    <\/div>\r\n\t\t\t\t\t<\/div>\r\n\t\t\t\t<\/article>\r\n\t         \r\n\t\t\t\t<article id=\"post-13839\" class=\"post-box masonry-post-item post-13839 post type-post status-publish format-audio hentry category-sheet_fiber_laser_cutting_machine post_format-post-format-audio\">\r\n\t\t\t\t\t<div class=\"post-inner\">\r\n\t\t\t\t\t    \r\n\t\t\t\t\t    \t\t\t\t\t\t\t\t<div class=\"audio-box\">\r\n\t\t\t\t\t\t\t\t<iframe scrolling=\"no\" frameborder=\"no\" src=\"https:\/\/www.youtube.com\/embed\/hvMnpBj65fU\"><\/iframe>\r\n\t\t\t\t\t\t\t<\/div>\r\n\t\t\t\t\t\t\t\t\t\t\t\t\t\r\n\r\n\t\t\t\t\t    \r\n\t\t\t\t\t    <div class=\"inner-post\">\r\n\t\t\t\t\t        <div class=\"entry-header\">\r\n\t\t\t\t\t        \t\t\t\t\t\t            <h5 class=\"entry-title\"><a class=\"title-link\" href=\"https:\/\/owinlaser.com\/es\/video\/sheet_fiber_laser_cutting_machine\/13839.html\" rel=\"bookmark\">OWF-3015S<\/a><\/h5>\t\t\t\t\t        <\/div><!-- .entry-header -->\r\n\r\n\t\t\t\t\t        <div class=\"the-excerpt video_excerp\">\r\n\t\t\t\t\t            1000W para cortar metal fino, cabezal l\u00e1ser de enfoque manual o autom\u00e1tico. Controlador Cypcut y Jap\u00f3n ...\t\t\t\t\t        <\/div><!-- .entry-content -->\r\n\t\t\t\t\t    <\/div>\r\n\t\t\t\t\t<\/div>\r\n\t\t\t\t<\/article>\r\n\t         \r\n\t\t\t\t<article id=\"post-13837\" class=\"post-box masonry-post-item post-13837 post type-post status-publish format-audio hentry category-sheet_fiber_laser_cutting_machine post_format-post-format-audio\">\r\n\t\t\t\t\t<div class=\"post-inner\">\r\n\t\t\t\t\t    \r\n\t\t\t\t\t    \t\t\t\t\t\t\t\t<div class=\"audio-box\">\r\n\t\t\t\t\t\t\t\t<iframe scrolling=\"no\" frameborder=\"no\" src=\"https:\/\/www.youtube.com\/embed\/SA9Y7qPkQ6Y\"><\/iframe>\r\n\t\t\t\t\t\t\t<\/div>\r\n\t\t\t\t\t\t\t\t\t\t\t\t\t\r\n\r\n\t\t\t\t\t    \r\n\t\t\t\t\t    <div class=\"inner-post\">\r\n\t\t\t\t\t        <div class=\"entry-header\">\r\n\t\t\t\t\t        \t\t\t\t\t\t            <h5 class=\"entry-title\"><a class=\"title-link\" href=\"https:\/\/owinlaser.com\/es\/video\/sheet_fiber_laser_cutting_machine\/13837.html\" rel=\"bookmark\">OWF-3015S<\/a><\/h5>\t\t\t\t\t        <\/div><!-- .entry-header -->\r\n\r\n\t\t\t\t\t        <div class=\"the-excerpt video_excerp\">\r\n\t\t\t\t\t            Corte de aluminio de 4mm por fibra con alta velocidad y precisi\u00f3n. Fuente l\u00e1ser de fibra Raycus ...\t\t\t\t\t        <\/div><!-- .entry-content -->\r\n\t\t\t\t\t    <\/div>\r\n\t\t\t\t\t<\/div>\r\n\t\t\t\t<\/article>\r\n\t         \r\n\t\t\t\t<article id=\"post-13835\" class=\"post-box masonry-post-item post-13835 post type-post status-publish format-audio hentry category-sheet_fiber_laser_cutting_machine post_format-post-format-audio\">\r\n\t\t\t\t\t<div class=\"post-inner\">\r\n\t\t\t\t\t    \r\n\t\t\t\t\t    \t\t\t\t\t\t\t\t<div class=\"audio-box\">\r\n\t\t\t\t\t\t\t\t<iframe scrolling=\"no\" frameborder=\"no\" src=\"https:\/\/www.youtube.com\/embed\/6z9f8H8eLkU\"><\/iframe>\r\n\t\t\t\t\t\t\t<\/div>\r\n\t\t\t\t\t\t\t\t\t\t\t\t\t\r\n\r\n\t\t\t\t\t    \r\n\t\t\t\t\t    <div class=\"inner-post\">\r\n\t\t\t\t\t        <div class=\"entry-header\">\r\n\t\t\t\t\t        \t\t\t\t\t\t            <h5 class=\"entry-title\"><a class=\"title-link\" href=\"https:\/\/owinlaser.com\/es\/video\/sheet_fiber_laser_cutting_machine\/13835.html\" rel=\"bookmark\">OWF-3015S<\/a><\/h5>\t\t\t\t\t        <\/div><!-- .entry-header -->\r\n\r\n\t\t\t\t\t        <div class=\"the-excerpt video_excerp\">\r\n\t\t\t\t\t            Cortadora l\u00e1ser de fibra 3015 para acero de alta precisi\u00f3n y alta velocidad. estructura de la m\u00e1quina ...\t\t\t\t\t        <\/div><!-- .entry-content -->\r\n\t\t\t\t\t    <\/div>\r\n\t\t\t\t\t<\/div>\r\n\t\t\t\t<\/article>\r\n\t         \r\n\t\t\t\t<article id=\"post-13829\" class=\"post-box masonry-post-item post-13829 post type-post status-publish format-audio hentry category-sheet_fiber_laser_cutting_machine post_format-post-format-audio\">\r\n\t\t\t\t\t<div class=\"post-inner\">\r\n\t\t\t\t\t    \r\n\t\t\t\t\t    \t\t\t\t\t\t\t\t<div class=\"audio-box\">\r\n\t\t\t\t\t\t\t\t<iframe scrolling=\"no\" frameborder=\"no\" src=\"https:\/\/www.youtube.com\/embed\/MZdy5fr8KpA\"><\/iframe>\r\n\t\t\t\t\t\t\t<\/div>\r\n\t\t\t\t\t\t\t\t\t\t\t\t\t\r\n\r\n\t\t\t\t\t    \r\n\t\t\t\t\t    <div class=\"inner-post\">\r\n\t\t\t\t\t        <div class=\"entry-header\">\r\n\t\t\t\t\t        \t\t\t\t\t\t            <h5 class=\"entry-title\"><a class=\"title-link\" href=\"https:\/\/owinlaser.com\/es\/video\/sheet_fiber_laser_cutting_machine\/13829.html\" rel=\"bookmark\">OWF-3015E<\/a><\/h5>\t\t\t\t\t        <\/div><!-- .entry-header -->\r\n\r\n\t\t\t\t\t        <div class=\"the-excerpt video_excerp\">\r\n\t\t\t\t\t            Corte de 2 mm ss con alta precisi\u00f3n, m\u00e1quina de corte por l\u00e1ser de fibra utilizada para chapa ...\t\t\t\t\t        <\/div><!-- .entry-content -->\r\n\t\t\t\t\t    <\/div>\r\n\t\t\t\t\t<\/div>\r\n\t\t\t\t<\/article>\r\n\t         \r\n\t\t\t\t<article id=\"post-14092\" class=\"post-box masonry-post-item post-14092 post type-post status-publish format-audio hentry category-sheet_fiber_laser_cutting_machine post_format-post-format-audio\">\r\n\t\t\t\t\t<div class=\"post-inner\">\r\n\t\t\t\t\t    \r\n\t\t\t\t\t    \t\t\t\t\t\t\t\t<div class=\"audio-box\">\r\n\t\t\t\t\t\t\t\t<iframe scrolling=\"no\" frameborder=\"no\" src=\"https:\/\/www.youtube.com\/embed\/RR1pM3dufvQ\"><\/iframe>\r\n\t\t\t\t\t\t\t<\/div>\r\n\t\t\t\t\t\t\t\t\t\t\t\t\t\r\n\r\n\t\t\t\t\t    \r\n\t\t\t\t\t    <div class=\"inner-post\">\r\n\t\t\t\t\t        <div class=\"entry-header\">\r\n\t\t\t\t\t        \t\t\t\t\t\t            <h5 class=\"entry-title\"><a class=\"title-link\" href=\"https:\/\/owinlaser.com\/es\/video\/sheet_fiber_laser_cutting_machine\/14092.html\" rel=\"bookmark\">OWF-3015E<\/a><\/h5>\t\t\t\t\t        <\/div><!-- .entry-header -->\r\n\r\n\t\t\t\t\t        <div class=\"the-excerpt video_excerp\">\r\n\t\t\t\t\t            m\u00e1quina l\u00e1ser de fibra con mesas de doble intercambio, alta eficiencia de trabajo, una mesa trabajando, poniendo material sobre otra ...\t\t\t\t\t        <\/div><!-- .entry-content -->\r\n\t\t\t\t\t    <\/div>\r\n\t\t\t\t\t<\/div>\r\n\t\t\t\t<\/article>\r\n\t        \t    <\/div>\r\n\t    <ul class=\"page-pagination none-style\">\n\t<li><span aria-current=\"page\" class=\"page-numbers current\">1<\/span><\/li>\n\t<li><a class=\"page-numbers\" href=\"https:\/\/owinlaser.com\/es\/wp-json\/wp\/v2\/pages\/13762\/page\/2\">2<\/a><\/li>\n\t<li><a class=\"next page-numbers\" href=\"https:\/\/owinlaser.com\/es\/wp-json\/wp\/v2\/pages\/13762\/page\/2\"><i class=\"ot-flaticon-right-arrow\"><\/i><\/a><\/li>\n<\/ul>\n\t    \r\n\t\t\t\t\t\t<\/div>\n\t\t\t\t<\/div>\n\t\t\t\t\t<\/div>\n\t\t<\/div>\n\t\t\t\t\t<\/div>\n\t\t<\/section>\n\t\t\t\t<\/div>","protected":false},"excerpt":{"rendered":"<p>Sheet fiber laser cutting machine OWF-4020H 30mm carbon steel cutting by fiber laser cutting machinery. 6000W high power fiber laser&#8230; OWF-4020H Auto focus laser head with high quality Raycus fiber laser source,high quality laser beam,&#8230; OWF-3015S Owin laser machine is popular using for high precision process industries,such as sheet\u00a0metal\u00a0processing,,electronics,,elevators,kitchen processing&#8230; OWF-3015S Fiber laser machine using [&hellip;]<\/p>","protected":false},"author":1,"featured_media":0,"parent":0,"menu_order":0,"comment_status":"closed","ping_status":"closed","template":"","meta":{"footnotes":""},"class_list":["post-13762","page","type-page","status-publish","hentry"],"_links":{"self":[{"href":"https:\/\/owinlaser.com\/es\/wp-json\/wp\/v2\/pages\/13762","targetHints":{"allow":["GET"]}}],"collection":[{"href":"https:\/\/owinlaser.com\/es\/wp-json\/wp\/v2\/pages"}],"about":[{"href":"https:\/\/owinlaser.com\/es\/wp-json\/wp\/v2\/types\/page"}],"author":[{"embeddable":true,"href":"https:\/\/owinlaser.com\/es\/wp-json\/wp\/v2\/users\/1"}],"replies":[{"embeddable":true,"href":"https:\/\/owinlaser.com\/es\/wp-json\/wp\/v2\/comments?post=13762"}],"version-history":[{"count":0,"href":"https:\/\/owinlaser.com\/es\/wp-json\/wp\/v2\/pages\/13762\/revisions"}],"wp:attachment":[{"href":"https:\/\/owinlaser.com\/es\/wp-json\/wp\/v2\/media?parent=13762"}],"curies":[{"name":"wp","href":"https:\/\/api.w.org\/{rel}","templated":true}]}}