{"id":13788,"date":"2021-09-24T16:54:28","date_gmt":"2021-09-24T08:54:28","guid":{"rendered":"http:\/\/owinlaser.com\/?page_id=13788"},"modified":"2021-09-27T14:57:12","modified_gmt":"2021-09-27T06:57:12","slug":"sheet_and_pipe_fiber_laser_cutting_machine","status":"publish","type":"page","link":"https:\/\/owinlaser.com\/es\/sheet_and_pipe_fiber_laser_cutting_machine","title":{"rendered":"M\u00e1quina de corte por l\u00e1ser de fibra para l\u00e1minas y tubos"},"content":{"rendered":"<div data-elementor-type=\"wp-page\" data-elementor-id=\"13788\" class=\"elementor elementor-13788\">\n\t\t\t\t\t\t<section class=\"elementor-section elementor-top-section elementor-element elementor-element-1fac36dc elementor-section-boxed elementor-section-height-default elementor-section-height-default\" data-id=\"1fac36dc\" data-element_type=\"section\">\n\t\t\t\t\t\t<div class=\"elementor-container elementor-column-gap-default\">\n\t\t\t\t\t<div class=\"elementor-column elementor-col-100 elementor-top-column elementor-element elementor-element-613cb117 ot-flex-column-vertical\" data-id=\"613cb117\" data-element_type=\"column\">\n\t\t\t<div class=\"elementor-widget-wrap elementor-element-populated\">\n\t\t\t\t\t\t<div class=\"elementor-element elementor-element-4caf963 elementor-widget elementor-widget-heading\" data-id=\"4caf963\" data-element_type=\"widget\" data-widget_type=\"heading.default\">\n\t\t\t\t<div class=\"elementor-widget-container\">\n\t\t\t\t\t<h2 class=\"elementor-heading-title elementor-size-default\">M\u00e1quina de corte por l\u00e1ser de fibra para l\u00e1minas y tubos<\/h2>\t\t\t\t<\/div>\n\t\t\t\t<\/div>\n\t\t\t\t<div class=\"elementor-element elementor-element-a50b114 elementor-widget elementor-widget-ipost_grid\" data-id=\"a50b114\" data-element_type=\"widget\" data-widget_type=\"ipost_grid.default\">\n\t\t\t\t<div class=\"elementor-widget-container\">\n\t\t\t\t\t\t\t<div class=\"blog-grid pf_3_cols v-light\">\r\n        \t \r\n\t\t\t\t<article id=\"post-13845\" class=\"post-box masonry-post-item post-13845 post type-post status-publish format-audio hentry category-sheet_and_pipe_fiber_laser_cutting_machine post_format-post-format-audio\">\r\n\t\t\t\t\t<div class=\"post-inner\">\r\n\t\t\t\t\t    \r\n\t\t\t\t\t    \t\t\t\t\t\t\t\t<div class=\"audio-box\">\r\n\t\t\t\t\t\t\t\t<iframe scrolling=\"no\" frameborder=\"no\" src=\"https:\/\/www.youtube.com\/embed\/aiFpIkOr55M\"><\/iframe>\r\n\t\t\t\t\t\t\t<\/div>\r\n\t\t\t\t\t\t\t\t\t\t\t\t\t\r\n\r\n\t\t\t\t\t    \r\n\t\t\t\t\t    <div class=\"inner-post\">\r\n\t\t\t\t\t        <div class=\"entry-header\">\r\n\t\t\t\t\t        \t\t\t\t\t\t            <h5 class=\"entry-title\"><a class=\"title-link\" href=\"https:\/\/owinlaser.com\/es\/video\/sheet_and_pipe_fiber_laser_cutting_machine\/13845.html\" rel=\"bookmark\">OWF-3015SR<\/a><\/h5>\t\t\t\t\t        <\/div><!-- .entry-header -->\r\n\r\n\t\t\t\t\t        <div class=\"the-excerpt video_excerp\">\r\n\t\t\t\t\t            Longitud giratoria: 6 m. Di\u00e1metro giratorio: 160\/220 mm. Ambos controles neum\u00e1ticos para mandril. Tanto en chapa de corte como en tubo, Cypcut ...\t\t\t\t\t        <\/div><!-- .entry-content -->\r\n\t\t\t\t\t    <\/div>\r\n\t\t\t\t\t<\/div>\r\n\t\t\t\t<\/article>\r\n\t         \r\n\t\t\t\t<article id=\"post-13833\" class=\"post-box masonry-post-item post-13833 post type-post status-publish format-audio hentry category-sheet_and_pipe_fiber_laser_cutting_machine post_format-post-format-audio\">\r\n\t\t\t\t\t<div class=\"post-inner\">\r\n\t\t\t\t\t    \r\n\t\t\t\t\t    \t\t\t\t\t\t\t\t<div class=\"audio-box\">\r\n\t\t\t\t\t\t\t\t<iframe scrolling=\"no\" frameborder=\"no\" src=\"https:\/\/www.youtube.com\/embed\/BO-UrAxF6Ts\"><\/iframe>\r\n\t\t\t\t\t\t\t<\/div>\r\n\t\t\t\t\t\t\t\t\t\t\t\t\t\r\n\r\n\t\t\t\t\t    \r\n\t\t\t\t\t    <div class=\"inner-post\">\r\n\t\t\t\t\t        <div class=\"entry-header\">\r\n\t\t\t\t\t        \t\t\t\t\t\t            <h5 class=\"entry-title\"><a class=\"title-link\" href=\"https:\/\/owinlaser.com\/es\/video\/sheet_and_pipe_fiber_laser_cutting_machine\/13833.html\" rel=\"bookmark\">OWF-3015ER<\/a><\/h5>\t\t\t\t\t        <\/div><!-- .entry-header -->\r\n\r\n\t\t\t\t\t        <div class=\"the-excerpt video_excerp\">\r\n\t\t\t\t\t            M\u00e1quina de corte por l\u00e1ser de fibra que corta tubos redondos de 80 mm, corta tanto tubos como l\u00e1minas de metal, ...\t\t\t\t\t        <\/div><!-- .entry-content -->\r\n\t\t\t\t\t    <\/div>\r\n\t\t\t\t\t<\/div>\r\n\t\t\t\t<\/article>\r\n\t         \r\n\t\t\t\t<article id=\"post-13831\" class=\"post-box masonry-post-item post-13831 post type-post status-publish format-audio hentry category-sheet_and_pipe_fiber_laser_cutting_machine post_format-post-format-audio\">\r\n\t\t\t\t\t<div class=\"post-inner\">\r\n\t\t\t\t\t    \r\n\t\t\t\t\t    \t\t\t\t\t\t\t\t<div class=\"audio-box\">\r\n\t\t\t\t\t\t\t\t<iframe scrolling=\"no\" frameborder=\"no\" src=\"https:\/\/www.youtube.com\/embed\/0aT9WpZajao\"><\/iframe>\r\n\t\t\t\t\t\t\t<\/div>\r\n\t\t\t\t\t\t\t\t\t\t\t\t\t\r\n\r\n\t\t\t\t\t    \r\n\t\t\t\t\t    <div class=\"inner-post\">\r\n\t\t\t\t\t        <div class=\"entry-header\">\r\n\t\t\t\t\t        \t\t\t\t\t\t            <h5 class=\"entry-title\"><a class=\"title-link\" href=\"https:\/\/owinlaser.com\/es\/video\/sheet_and_pipe_fiber_laser_cutting_machine\/13831.html\" rel=\"bookmark\">OWF-3015ER<\/a><\/h5>\t\t\t\t\t        <\/div><!-- .entry-header -->\r\n\r\n\t\t\t\t\t        <div class=\"the-excerpt video_excerp\">\r\n\t\t\t\t\t            Di\u00e1metro de corte: tubo redondo 20-220 mm, tubo cuadrado 20-160 mm. Plataforma de intercambio doble cerrada modelo 3015 ...\t\t\t\t\t        <\/div><!-- .entry-content -->\r\n\t\t\t\t\t    <\/div>\r\n\t\t\t\t\t<\/div>\r\n\t\t\t\t<\/article>\r\n\t        \t    <\/div>\r\n\t    \t    \r\n\t\t\t\t\t\t<\/div>\n\t\t\t\t<\/div>\n\t\t\t\t\t<\/div>\n\t\t<\/div>\n\t\t\t\t\t<\/div>\n\t\t<\/section>\n\t\t\t\t<\/div>","protected":false},"excerpt":{"rendered":"<p>Sheet and pipe fiber laser cutting machine OWF-3015SR Rotary Length:6m. Rotary Diameter:160\/220mm. Both pneumatic control for chuck. Both cutting sheet and tube,Cypcut&#8230; OWF-3015ER Fiber laser cutting machine cutting 80mm round pipe, cutting both tube and metal sheet,&#8230; OWF-3015ER Cutting diameter: round pipe 20-220mm, square pipe 20-160mm. Dual exchange platform enclosed 3015 model&#8230;<\/p>","protected":false},"author":1,"featured_media":0,"parent":0,"menu_order":0,"comment_status":"closed","ping_status":"closed","template":"","meta":{"footnotes":""},"class_list":["post-13788","page","type-page","status-publish","hentry"],"_links":{"self":[{"href":"https:\/\/owinlaser.com\/es\/wp-json\/wp\/v2\/pages\/13788","targetHints":{"allow":["GET"]}}],"collection":[{"href":"https:\/\/owinlaser.com\/es\/wp-json\/wp\/v2\/pages"}],"about":[{"href":"https:\/\/owinlaser.com\/es\/wp-json\/wp\/v2\/types\/page"}],"author":[{"embeddable":true,"href":"https:\/\/owinlaser.com\/es\/wp-json\/wp\/v2\/users\/1"}],"replies":[{"embeddable":true,"href":"https:\/\/owinlaser.com\/es\/wp-json\/wp\/v2\/comments?post=13788"}],"version-history":[{"count":0,"href":"https:\/\/owinlaser.com\/es\/wp-json\/wp\/v2\/pages\/13788\/revisions"}],"wp:attachment":[{"href":"https:\/\/owinlaser.com\/es\/wp-json\/wp\/v2\/media?parent=13788"}],"curies":[{"name":"wp","href":"https:\/\/api.w.org\/{rel}","templated":true}]}}