{"id":13803,"date":"2021-09-24T16:59:52","date_gmt":"2021-09-24T08:59:52","guid":{"rendered":"http:\/\/owinlaser.com\/?page_id=13803"},"modified":"2021-09-27T14:47:02","modified_gmt":"2021-09-27T06:47:02","slug":"laser_welding_machine","status":"publish","type":"page","link":"https:\/\/owinlaser.com\/es\/laser_welding_machine","title":{"rendered":"Maquina de soldar laser"},"content":{"rendered":"<div data-elementor-type=\"wp-page\" data-elementor-id=\"13803\" class=\"elementor elementor-13803\">\n\t\t\t\t\t\t<section class=\"elementor-section elementor-top-section elementor-element elementor-element-1fac36dc elementor-section-boxed elementor-section-height-default elementor-section-height-default\" data-id=\"1fac36dc\" data-element_type=\"section\">\n\t\t\t\t\t\t<div class=\"elementor-container elementor-column-gap-default\">\n\t\t\t\t\t<div class=\"elementor-column elementor-col-100 elementor-top-column elementor-element elementor-element-613cb117 ot-flex-column-vertical\" data-id=\"613cb117\" data-element_type=\"column\">\n\t\t\t<div class=\"elementor-widget-wrap elementor-element-populated\">\n\t\t\t\t\t\t<div class=\"elementor-element elementor-element-4caf963 elementor-widget elementor-widget-heading\" data-id=\"4caf963\" data-element_type=\"widget\" data-widget_type=\"heading.default\">\n\t\t\t\t<div class=\"elementor-widget-container\">\n\t\t\t\t\t<h2 class=\"elementor-heading-title elementor-size-default\">Maquina de soldar laser<\/h2>\t\t\t\t<\/div>\n\t\t\t\t<\/div>\n\t\t\t\t<div class=\"elementor-element elementor-element-a50b114 elementor-widget elementor-widget-ipost_grid\" data-id=\"a50b114\" data-element_type=\"widget\" data-widget_type=\"ipost_grid.default\">\n\t\t\t\t<div class=\"elementor-widget-container\">\n\t\t\t\t\t\t\t<div class=\"blog-grid pf_3_cols v-light\">\r\n        \t \r\n\t\t\t\t<article id=\"post-14110\" class=\"post-box masonry-post-item post-14110 post type-post status-publish format-audio hentry category-laser_welding_machine post_format-post-format-audio\">\r\n\t\t\t\t\t<div class=\"post-inner\">\r\n\t\t\t\t\t    \r\n\t\t\t\t\t    \t\t\t\t\t\t\t\t<div class=\"audio-box\">\r\n\t\t\t\t\t\t\t\t<iframe scrolling=\"no\" frameborder=\"no\" src=\"https:\/\/www.youtube.com\/embed\/QgxOb1uWBCw\"><\/iframe>\r\n\t\t\t\t\t\t\t<\/div>\r\n\t\t\t\t\t\t\t\t\t\t\t\t\t\r\n\r\n\t\t\t\t\t    \r\n\t\t\t\t\t    <div class=\"inner-post\">\r\n\t\t\t\t\t        <div class=\"entry-header\">\r\n\t\t\t\t\t        \t\t\t\t\t\t            <h5 class=\"entry-title\"><a class=\"title-link\" href=\"https:\/\/owinlaser.com\/es\/video\/laser_welding_machine\/14110.html\" rel=\"bookmark\">OWF-1000W<\/a><\/h5>\t\t\t\t\t        <\/div><!-- .entry-header -->\r\n\r\n\t\t\t\t\t        <div class=\"the-excerpt video_excerp\">\r\n\t\t\t\t\t            Operaci\u00f3n segura y f\u00e1cil, bajo consumo de energ\u00eda, equipo de soldadura l\u00e1ser de alta velocidad y calidad, sin necesidad de consumibles ...\t\t\t\t\t        <\/div><!-- .entry-content -->\r\n\t\t\t\t\t    <\/div>\r\n\t\t\t\t\t<\/div>\r\n\t\t\t\t<\/article>\r\n\t         \r\n\t\t\t\t<article id=\"post-14108\" class=\"post-box masonry-post-item post-14108 post type-post status-publish format-audio hentry category-laser_welding_machine post_format-post-format-audio\">\r\n\t\t\t\t\t<div class=\"post-inner\">\r\n\t\t\t\t\t    \r\n\t\t\t\t\t    \t\t\t\t\t\t\t\t<div class=\"audio-box\">\r\n\t\t\t\t\t\t\t\t<iframe scrolling=\"no\" frameborder=\"no\" src=\"https:\/\/www.youtube.com\/embed\/XPovaSlcAsU\"><\/iframe>\r\n\t\t\t\t\t\t\t<\/div>\r\n\t\t\t\t\t\t\t\t\t\t\t\t\t\r\n\r\n\t\t\t\t\t    \r\n\t\t\t\t\t    <div class=\"inner-post\">\r\n\t\t\t\t\t        <div class=\"entry-header\">\r\n\t\t\t\t\t        \t\t\t\t\t\t            <h5 class=\"entry-title\"><a class=\"title-link\" href=\"https:\/\/owinlaser.com\/es\/video\/laser_welding_machine\/14108.html\" rel=\"bookmark\">OWF-1000W<\/a><\/h5>\t\t\t\t\t        <\/div><!-- .entry-header -->\r\n\r\n\t\t\t\t\t        <div class=\"the-excerpt video_excerp\">\r\n\t\t\t\t\t            M\u00e1quina de soldadura l\u00e1ser f\u00e1cil de operar, modelo de agarre manual, velocidad de soldadura de 10 m \/ min, fuente l\u00e1ser de larga duraci\u00f3n, buena ...\t\t\t\t\t        <\/div><!-- .entry-content -->\r\n\t\t\t\t\t    <\/div>\r\n\t\t\t\t\t<\/div>\r\n\t\t\t\t<\/article>\r\n\t        \t    <\/div>\r\n\t    \t    \r\n\t\t\t\t\t\t<\/div>\n\t\t\t\t<\/div>\n\t\t\t\t\t<\/div>\n\t\t<\/div>\n\t\t\t\t\t<\/div>\n\t\t<\/section>\n\t\t\t\t<\/div>","protected":false},"excerpt":{"rendered":"<p>Laser welding machine OWF-1000W 30mm carbon steel cutting by fiber laser cutting machinery. 6000W high power fiber laser&#8230; OWF-1000W Safe and easy operation,low power consumption,high speed and quality laser welding equipment,no need consumable&#8230;. OWF-1000W 30mm carbon steel cutting by fiber laser cutting machinery. 6000W high power fiber laser&#8230;<\/p>","protected":false},"author":1,"featured_media":0,"parent":0,"menu_order":0,"comment_status":"closed","ping_status":"closed","template":"","meta":{"footnotes":""},"class_list":["post-13803","page","type-page","status-publish","hentry"],"_links":{"self":[{"href":"https:\/\/owinlaser.com\/es\/wp-json\/wp\/v2\/pages\/13803","targetHints":{"allow":["GET"]}}],"collection":[{"href":"https:\/\/owinlaser.com\/es\/wp-json\/wp\/v2\/pages"}],"about":[{"href":"https:\/\/owinlaser.com\/es\/wp-json\/wp\/v2\/types\/page"}],"author":[{"embeddable":true,"href":"https:\/\/owinlaser.com\/es\/wp-json\/wp\/v2\/users\/1"}],"replies":[{"embeddable":true,"href":"https:\/\/owinlaser.com\/es\/wp-json\/wp\/v2\/comments?post=13803"}],"version-history":[{"count":0,"href":"https:\/\/owinlaser.com\/es\/wp-json\/wp\/v2\/pages\/13803\/revisions"}],"wp:attachment":[{"href":"https:\/\/owinlaser.com\/es\/wp-json\/wp\/v2\/media?parent=13803"}],"curies":[{"name":"wp","href":"https:\/\/api.w.org\/{rel}","templated":true}]}}