{"id":13808,"date":"2021-09-24T17:01:22","date_gmt":"2021-09-24T09:01:22","guid":{"rendered":"http:\/\/owinlaser.com\/?page_id=13808"},"modified":"2021-09-27T14:45:26","modified_gmt":"2021-09-27T06:45:26","slug":"laser_cleaning_machine","status":"publish","type":"page","link":"https:\/\/owinlaser.com\/es\/laser_cleaning_machine","title":{"rendered":"M\u00e1quina de limpieza l\u00e1ser"},"content":{"rendered":"<div data-elementor-type=\"wp-page\" data-elementor-id=\"13808\" class=\"elementor elementor-13808\">\n\t\t\t\t\t\t<section class=\"elementor-section elementor-top-section elementor-element elementor-element-1fac36dc elementor-section-boxed elementor-section-height-default elementor-section-height-default\" data-id=\"1fac36dc\" data-element_type=\"section\">\n\t\t\t\t\t\t<div class=\"elementor-container elementor-column-gap-default\">\n\t\t\t\t\t<div class=\"elementor-column elementor-col-100 elementor-top-column elementor-element elementor-element-613cb117 ot-flex-column-vertical\" data-id=\"613cb117\" data-element_type=\"column\">\n\t\t\t<div class=\"elementor-widget-wrap elementor-element-populated\">\n\t\t\t\t\t\t<div class=\"elementor-element elementor-element-4caf963 elementor-widget elementor-widget-heading\" data-id=\"4caf963\" data-element_type=\"widget\" data-widget_type=\"heading.default\">\n\t\t\t\t<div class=\"elementor-widget-container\">\n\t\t\t\t\t<h2 class=\"elementor-heading-title elementor-size-default\">M\u00e1quina de limpieza l\u00e1ser<\/h2>\t\t\t\t<\/div>\n\t\t\t\t<\/div>\n\t\t\t\t<div class=\"elementor-element elementor-element-a50b114 elementor-widget elementor-widget-ipost_grid\" data-id=\"a50b114\" data-element_type=\"widget\" data-widget_type=\"ipost_grid.default\">\n\t\t\t\t<div class=\"elementor-widget-container\">\n\t\t\t\t\t\t\t<div class=\"blog-grid pf_3_cols v-light\">\r\n        \t \r\n\t\t\t\t<article id=\"post-14112\" class=\"post-box masonry-post-item post-14112 post type-post status-publish format-audio hentry category-laser_cleaning_machine post_format-post-format-audio\">\r\n\t\t\t\t\t<div class=\"post-inner\">\r\n\t\t\t\t\t    \r\n\t\t\t\t\t    \t\t\t\t\t\t\t\t<div class=\"audio-box\">\r\n\t\t\t\t\t\t\t\t<iframe scrolling=\"no\" frameborder=\"no\" src=\"https:\/\/www.youtube.com\/embed\/P1WnbHK4GkY\"><\/iframe>\r\n\t\t\t\t\t\t\t<\/div>\r\n\t\t\t\t\t\t\t\t\t\t\t\t\t\r\n\r\n\t\t\t\t\t    \r\n\t\t\t\t\t    <div class=\"inner-post\">\r\n\t\t\t\t\t        <div class=\"entry-header\">\r\n\t\t\t\t\t        \t\t\t\t\t\t            <h5 class=\"entry-title\"><a class=\"title-link\" href=\"https:\/\/owinlaser.com\/es\/video\/laser_cleaning_machine\/14112.html\" rel=\"bookmark\">OWF-100C<\/a><\/h5>\t\t\t\t\t        <\/div><!-- .entry-header -->\r\n\r\n\t\t\t\t\t        <div class=\"the-excerpt video_excerp\">\r\n\t\t\t\t\t            Sin tocar \u00f3xido limpio, sin da\u00f1ar la superficie del material, potencia l\u00e1ser de 100W ...\t\t\t\t\t        <\/div><!-- .entry-content -->\r\n\t\t\t\t\t    <\/div>\r\n\t\t\t\t\t<\/div>\r\n\t\t\t\t<\/article>\r\n\t        \t    <\/div>\r\n\t    \t    \r\n\t\t\t\t\t\t<\/div>\n\t\t\t\t<\/div>\n\t\t\t\t\t<\/div>\n\t\t<\/div>\n\t\t\t\t\t<\/div>\n\t\t<\/section>\n\t\t\t\t<\/div>","protected":false},"excerpt":{"rendered":"<p>M\u00e1quina de limpieza l\u00e1ser<\/p>","protected":false},"author":1,"featured_media":0,"parent":0,"menu_order":0,"comment_status":"closed","ping_status":"closed","template":"","meta":{"footnotes":""},"class_list":["post-13808","page","type-page","status-publish","hentry"],"_links":{"self":[{"href":"https:\/\/owinlaser.com\/es\/wp-json\/wp\/v2\/pages\/13808","targetHints":{"allow":["GET"]}}],"collection":[{"href":"https:\/\/owinlaser.com\/es\/wp-json\/wp\/v2\/pages"}],"about":[{"href":"https:\/\/owinlaser.com\/es\/wp-json\/wp\/v2\/types\/page"}],"author":[{"embeddable":true,"href":"https:\/\/owinlaser.com\/es\/wp-json\/wp\/v2\/users\/1"}],"replies":[{"embeddable":true,"href":"https:\/\/owinlaser.com\/es\/wp-json\/wp\/v2\/comments?post=13808"}],"version-history":[{"count":0,"href":"https:\/\/owinlaser.com\/es\/wp-json\/wp\/v2\/pages\/13808\/revisions"}],"wp:attachment":[{"href":"https:\/\/owinlaser.com\/es\/wp-json\/wp\/v2\/media?parent=13808"}],"curies":[{"name":"wp","href":"https:\/\/api.w.org\/{rel}","templated":true}]}}