{"id":14703,"date":"2021-09-28T10:27:32","date_gmt":"2021-09-28T02:27:32","guid":{"rendered":"http:\/\/owinlaser.com\/?page_id=14703"},"modified":"2021-10-06T13:10:13","modified_gmt":"2021-10-06T05:10:13","slug":"client_feedback","status":"publish","type":"page","link":"https:\/\/owinlaser.com\/es\/client_feedback","title":{"rendered":"Comentarios del cliente"},"content":{"rendered":"<div data-elementor-type=\"wp-page\" data-elementor-id=\"14703\" class=\"elementor elementor-14703\">\n\t\t\t\t\t\t<section class=\"elementor-section elementor-top-section elementor-element elementor-element-14a9d808 elementor-section-boxed elementor-section-height-default elementor-section-height-default\" data-id=\"14a9d808\" data-element_type=\"section\">\n\t\t\t\t\t\t<div class=\"elementor-container elementor-column-gap-default\">\n\t\t\t\t\t<div class=\"elementor-column elementor-col-100 elementor-top-column elementor-element elementor-element-7919f86 ot-flex-column-vertical\" data-id=\"7919f86\" data-element_type=\"column\">\n\t\t\t<div class=\"elementor-widget-wrap elementor-element-populated\">\n\t\t\t\t\t\t<div class=\"elementor-element elementor-element-304c66d elementor-widget elementor-widget-heading\" data-id=\"304c66d\" data-element_type=\"widget\" data-widget_type=\"heading.default\">\n\t\t\t\t<div class=\"elementor-widget-container\">\n\t\t\t\t\t<h2 class=\"elementor-heading-title elementor-size-default\">Comentarios del cliente <\/h2>\t\t\t\t<\/div>\n\t\t\t\t<\/div>\n\t\t\t\t\t<\/div>\n\t\t<\/div>\n\t\t\t\t\t<\/div>\n\t\t<\/section>\n\t\t\t\t<section class=\"elementor-section elementor-top-section elementor-element elementor-element-3d510d1 elementor-section-boxed elementor-section-height-default elementor-section-height-default\" data-id=\"3d510d1\" data-element_type=\"section\">\n\t\t\t\t\t\t<div class=\"elementor-container elementor-column-gap-default\">\n\t\t\t\t\t<div class=\"elementor-column elementor-col-100 elementor-top-column elementor-element elementor-element-a53f8c2 ot-flex-column-vertical\" data-id=\"a53f8c2\" data-element_type=\"column\">\n\t\t\t<div class=\"elementor-widget-wrap elementor-element-populated\">\n\t\t\t\t\t\t<div class=\"elementor-element elementor-element-705f2bd lx_title1h elementor-widget elementor-widget-ipost_grid\" data-id=\"705f2bd\" data-element_type=\"widget\" data-widget_type=\"ipost_grid.default\">\n\t\t\t\t<div class=\"elementor-widget-container\">\n\t\t\t\t\t\t\t<div class=\"blog-grid pf_2_cols v-light\">\r\n        \t \r\n\t\t\t\t<article id=\"post-15477\" class=\"post-box masonry-post-item post-15477 post type-post status-publish format-standard hentry category-client_feedback\">\r\n\t\t\t\t\t<div class=\"post-inner\">\r\n\t\t\t\t\t    \t\t\t\r\n\t\t\t\t\t\t\t<!--<div class=\"entry-media\">\r\n\t\t\t\t\t        \t\t\t\t\t\t        <\/div>-->\r\n\r\n\t\t\t\t\t    \r\n\t\t\t\t\t    <div class=\"inner-post\">\r\n\t\t\t\t\t        <div class=\"entry-header\">\r\n\t\t\t\t\t        \t\t\t\t\t\t\t            <div class=\"entry-meta\">\r\n\t\t\t\t\t\t               2021-10-06\t\t\t\t\t\t            <\/div><!-- .entry-meta -->\r\n\t\t\t\t\t            \t\t\t\t\t            <h5 class=\"entry-title\"><a class=\"title-link\" href=\"https:\/\/owinlaser.com\/es\/client_feedback\/15477.html\" rel=\"bookmark\">Ok, digamos l\u00e1ser Owin.<\/a><\/h5>\t\t\t\t\t        <\/div><!-- .entry-header -->\r\n\r\n\t\t\t\t\t        <div class=\"the-excerpt video_excerp\">\r\n\t\t\t\t\t            Ok, digamos l\u00e1ser Owin. Al principio, les enumer\u00e9 algunas solicitudes antes de comprar la m\u00e1quina OWF-3015.Cuando ...\t\t\t\t\t        <\/div><!-- .entry-content -->\r\n\t\t\t\t\t    <\/div>\r\n\t\t\t\t\t<\/div>\r\n\t\t\t\t<\/article>\r\n\t         \r\n\t\t\t\t<article id=\"post-15475\" class=\"post-box masonry-post-item post-15475 post type-post status-publish format-standard hentry category-client_feedback\">\r\n\t\t\t\t\t<div class=\"post-inner\">\r\n\t\t\t\t\t    \t\t\t\r\n\t\t\t\t\t\t\t<!--<div class=\"entry-media\">\r\n\t\t\t\t\t        \t\t\t\t\t\t        <\/div>-->\r\n\r\n\t\t\t\t\t    \r\n\t\t\t\t\t    <div class=\"inner-post\">\r\n\t\t\t\t\t        <div class=\"entry-header\">\r\n\t\t\t\t\t        \t\t\t\t\t\t\t            <div class=\"entry-meta\">\r\n\t\t\t\t\t\t               2021-10-06\t\t\t\t\t\t            <\/div><!-- .entry-meta -->\r\n\t\t\t\t\t            \t\t\t\t\t            <h5 class=\"entry-title\"><a class=\"title-link\" href=\"https:\/\/owinlaser.com\/es\/client_feedback\/15475.html\" rel=\"bookmark\">En realidad, tengo 5 proveedores antes de ordenar mi m\u00e1quina l\u00e1ser de fibra.<\/a><\/h5>\t\t\t\t\t        <\/div><!-- .entry-header -->\r\n\r\n\t\t\t\t\t        <div class=\"the-excerpt video_excerp\">\r\n\t\t\t\t\t            De hecho, he comparado m\u00e1s de 5 proveedores antes de ordenar mi m\u00e1quina l\u00e1ser de fibra, pero finalmente eleg\u00ed ...\t\t\t\t\t        <\/div><!-- .entry-content -->\r\n\t\t\t\t\t    <\/div>\r\n\t\t\t\t\t<\/div>\r\n\t\t\t\t<\/article>\r\n\t         \r\n\t\t\t\t<article id=\"post-15470\" class=\"post-box masonry-post-item post-15470 post type-post status-publish format-standard hentry category-client_feedback\">\r\n\t\t\t\t\t<div class=\"post-inner\">\r\n\t\t\t\t\t    \t\t\t\r\n\t\t\t\t\t\t\t<!--<div class=\"entry-media\">\r\n\t\t\t\t\t        \t\t\t\t\t\t        <\/div>-->\r\n\r\n\t\t\t\t\t    \r\n\t\t\t\t\t    <div class=\"inner-post\">\r\n\t\t\t\t\t        <div class=\"entry-header\">\r\n\t\t\t\t\t        \t\t\t\t\t\t\t            <div class=\"entry-meta\">\r\n\t\t\t\t\t\t               2021-10-06\t\t\t\t\t\t            <\/div><!-- .entry-meta -->\r\n\t\t\t\t\t            \t\t\t\t\t            <h5 class=\"entry-title\"><a class=\"title-link\" href=\"https:\/\/owinlaser.com\/es\/client_feedback\/15470.html\" rel=\"bookmark\">Cliente de India<\/a><\/h5>\t\t\t\t\t        <\/div><!-- .entry-header -->\r\n\r\n\t\t\t\t\t        <div class=\"the-excerpt video_excerp\">\r\n\t\t\t\t\t            \t\t\t\t\t        <\/div><!-- .entry-content -->\r\n\t\t\t\t\t    <\/div>\r\n\t\t\t\t\t<\/div>\r\n\t\t\t\t<\/article>\r\n\t         \r\n\t\t\t\t<article id=\"post-15467\" class=\"post-box masonry-post-item post-15467 post type-post status-publish format-standard hentry category-client_feedback\">\r\n\t\t\t\t\t<div class=\"post-inner\">\r\n\t\t\t\t\t    \t\t\t\r\n\t\t\t\t\t\t\t<!--<div class=\"entry-media\">\r\n\t\t\t\t\t        \t\t\t\t\t\t        <\/div>-->\r\n\r\n\t\t\t\t\t    \r\n\t\t\t\t\t    <div class=\"inner-post\">\r\n\t\t\t\t\t        <div class=\"entry-header\">\r\n\t\t\t\t\t        \t\t\t\t\t\t\t            <div class=\"entry-meta\">\r\n\t\t\t\t\t\t               2021-10-06\t\t\t\t\t\t            <\/div><!-- .entry-meta -->\r\n\t\t\t\t\t            \t\t\t\t\t            <h5 class=\"entry-title\"><a class=\"title-link\" href=\"https:\/\/owinlaser.com\/es\/client_feedback\/15467.html\" rel=\"bookmark\">Cliente de Portugal<\/a><\/h5>\t\t\t\t\t        <\/div><!-- .entry-header -->\r\n\r\n\t\t\t\t\t        <div class=\"the-excerpt video_excerp\">\r\n\t\t\t\t\t            \t\t\t\t\t        <\/div><!-- .entry-content -->\r\n\t\t\t\t\t    <\/div>\r\n\t\t\t\t\t<\/div>\r\n\t\t\t\t<\/article>\r\n\t         \r\n\t\t\t\t<article id=\"post-15464\" class=\"post-box masonry-post-item post-15464 post type-post status-publish format-standard hentry category-client_feedback\">\r\n\t\t\t\t\t<div class=\"post-inner\">\r\n\t\t\t\t\t    \t\t\t\r\n\t\t\t\t\t\t\t<!--<div class=\"entry-media\">\r\n\t\t\t\t\t        \t\t\t\t\t\t        <\/div>-->\r\n\r\n\t\t\t\t\t    \r\n\t\t\t\t\t    <div class=\"inner-post\">\r\n\t\t\t\t\t        <div class=\"entry-header\">\r\n\t\t\t\t\t        \t\t\t\t\t\t\t            <div class=\"entry-meta\">\r\n\t\t\t\t\t\t               2021-10-06\t\t\t\t\t\t            <\/div><!-- .entry-meta -->\r\n\t\t\t\t\t            \t\t\t\t\t            <h5 class=\"entry-title\"><a class=\"title-link\" href=\"https:\/\/owinlaser.com\/es\/client_feedback\/15464.html\" rel=\"bookmark\">Cliente de EE. UU.<\/a><\/h5>\t\t\t\t\t        <\/div><!-- .entry-header -->\r\n\r\n\t\t\t\t\t        <div class=\"the-excerpt video_excerp\">\r\n\t\t\t\t\t            \t\t\t\t\t        <\/div><!-- .entry-content -->\r\n\t\t\t\t\t    <\/div>\r\n\t\t\t\t\t<\/div>\r\n\t\t\t\t<\/article>\r\n\t         \r\n\t\t\t\t<article id=\"post-15461\" class=\"post-box masonry-post-item post-15461 post type-post status-publish format-standard hentry category-client_feedback\">\r\n\t\t\t\t\t<div class=\"post-inner\">\r\n\t\t\t\t\t    \t\t\t\r\n\t\t\t\t\t\t\t<!--<div class=\"entry-media\">\r\n\t\t\t\t\t        \t\t\t\t\t\t        <\/div>-->\r\n\r\n\t\t\t\t\t    \r\n\t\t\t\t\t    <div class=\"inner-post\">\r\n\t\t\t\t\t        <div class=\"entry-header\">\r\n\t\t\t\t\t        \t\t\t\t\t\t\t            <div class=\"entry-meta\">\r\n\t\t\t\t\t\t               2021-10-06\t\t\t\t\t\t            <\/div><!-- .entry-meta -->\r\n\t\t\t\t\t            \t\t\t\t\t            <h5 class=\"entry-title\"><a class=\"title-link\" href=\"https:\/\/owinlaser.com\/es\/client_feedback\/15461.html\" rel=\"bookmark\">Cliente de Brasil<\/a><\/h5>\t\t\t\t\t        <\/div><!-- .entry-header -->\r\n\r\n\t\t\t\t\t        <div class=\"the-excerpt video_excerp\">\r\n\t\t\t\t\t            \t\t\t\t\t        <\/div><!-- .entry-content -->\r\n\t\t\t\t\t    <\/div>\r\n\t\t\t\t\t<\/div>\r\n\t\t\t\t<\/article>\r\n\t        \t    <\/div>\r\n\t    <ul class=\"page-pagination none-style\">\n\t<li><span aria-current=\"page\" class=\"page-numbers current\">1<\/span><\/li>\n\t<li><a class=\"page-numbers\" href=\"https:\/\/owinlaser.com\/es\/wp-json\/wp\/v2\/pages\/14703\/page\/2\">2<\/a><\/li>\n\t<li><a class=\"next page-numbers\" href=\"https:\/\/owinlaser.com\/es\/wp-json\/wp\/v2\/pages\/14703\/page\/2\"><i class=\"ot-flaticon-right-arrow\"><\/i><\/a><\/li>\n<\/ul>\n\t    \r\n\t\t\t\t\t\t<\/div>\n\t\t\t\t<\/div>\n\t\t\t\t\t<\/div>\n\t\t<\/div>\n\t\t\t\t\t<\/div>\n\t\t<\/section>\n\t\t\t\t<\/div>","protected":false},"excerpt":{"rendered":"<p>Client Feedback 2020-03-19 How to reduce the impact for the environment effectively during the cutting of the fiber laser cutting machine? Compared with traditional cutting way, the cutting way of fiber laser cutting machine has big advantages. But&#8230;<\/p>","protected":false},"author":1,"featured_media":0,"parent":0,"menu_order":0,"comment_status":"closed","ping_status":"closed","template":"","meta":{"footnotes":""},"class_list":["post-14703","page","type-page","status-publish","hentry"],"_links":{"self":[{"href":"https:\/\/owinlaser.com\/es\/wp-json\/wp\/v2\/pages\/14703","targetHints":{"allow":["GET"]}}],"collection":[{"href":"https:\/\/owinlaser.com\/es\/wp-json\/wp\/v2\/pages"}],"about":[{"href":"https:\/\/owinlaser.com\/es\/wp-json\/wp\/v2\/types\/page"}],"author":[{"embeddable":true,"href":"https:\/\/owinlaser.com\/es\/wp-json\/wp\/v2\/users\/1"}],"replies":[{"embeddable":true,"href":"https:\/\/owinlaser.com\/es\/wp-json\/wp\/v2\/comments?post=14703"}],"version-history":[{"count":0,"href":"https:\/\/owinlaser.com\/es\/wp-json\/wp\/v2\/pages\/14703\/revisions"}],"wp:attachment":[{"href":"https:\/\/owinlaser.com\/es\/wp-json\/wp\/v2\/media?parent=14703"}],"curies":[{"name":"wp","href":"https:\/\/api.w.org\/{rel}","templated":true}]}}