{"id":1958,"date":"2020-05-07T08:35:38","date_gmt":"2020-05-07T00:35:38","guid":{"rendered":"http:\/\/localhost\/theratio\/?page_id=1958"},"modified":"2022-03-02T17:20:23","modified_gmt":"2022-03-02T09:20:23","slug":"about-us","status":"publish","type":"page","link":"https:\/\/owinlaser.com\/es\/about-us","title":{"rendered":"Sobre nosotros"},"content":{"rendered":"<div data-elementor-type=\"wp-page\" data-elementor-id=\"1958\" class=\"elementor elementor-1958\">\n\t\t\t\t\t\t<section class=\"elementor-section elementor-top-section elementor-element elementor-element-e090b8f elementor-section-content-middle elementor-section-boxed elementor-section-height-default elementor-section-height-default\" data-id=\"e090b8f\" data-element_type=\"section\">\n\t\t\t\t\t\t<div class=\"elementor-container elementor-column-gap-extended\">\n\t\t\t\t\t<div class=\"elementor-column elementor-col-100 elementor-top-column elementor-element elementor-element-0959eee ot-flex-column-vertical\" data-id=\"0959eee\" data-element_type=\"column\">\n\t\t\t<div class=\"elementor-widget-wrap elementor-element-populated\">\n\t\t\t\t\t\t<div class=\"elementor-element elementor-element-89ce81d elementor-widget elementor-widget-heading\" data-id=\"89ce81d\" data-element_type=\"widget\" data-widget_type=\"heading.default\">\n\t\t\t\t<div class=\"elementor-widget-container\">\n\t\t\t\t\t<h2 class=\"elementor-heading-title elementor-size-default\">ACERCA DE OWIN LASER<\/h2>\t\t\t\t<\/div>\n\t\t\t\t<\/div>\n\t\t\t\t<section class=\"elementor-section elementor-inner-section elementor-element elementor-element-b48b84d elementor-section-boxed elementor-section-height-default elementor-section-height-default\" data-id=\"b48b84d\" data-element_type=\"section\">\n\t\t\t\t\t\t<div class=\"elementor-container elementor-column-gap-default\">\n\t\t\t\t\t<div class=\"elementor-column elementor-col-50 elementor-inner-column elementor-element elementor-element-640a85f ot-flex-column-vertical\" data-id=\"640a85f\" data-element_type=\"column\">\n\t\t\t<div class=\"elementor-widget-wrap elementor-element-populated\">\n\t\t\t\t\t\t<div class=\"elementor-element elementor-element-b73c1e2 elementor-widget elementor-widget-text-editor\" data-id=\"b73c1e2\" data-element_type=\"widget\" data-widget_type=\"text-editor.default\">\n\t\t\t\t<div class=\"elementor-widget-container\">\n\t\t\t\t\t\t\t\t\t<p>Jinan Owin CNC Equipment Co., Ltd. se estableci\u00f3 en 2005. La idea de gesti\u00f3n de nuestra empresa es mejorar los productos de alta calidad para los clientes.<\/p><p>Somos bien conocidos por nuestra calidad y servicio superiores en el campo de la ingenier\u00eda y fabricaci\u00f3n de m\u00e1quinas l\u00e1ser, que incluyen: m\u00e1quinas de corte por l\u00e1ser de fibra, m\u00e1quina de marcado por l\u00e1ser de fibra, m\u00e1quina de soldadura por l\u00e1ser, m\u00e1quina de soldadura por l\u00e1ser, m\u00e1quina de limpieza por l\u00e1ser, etc.<\/p><p>\u00a0<\/p>\t\t\t\t\t\t\t\t<\/div>\n\t\t\t\t<\/div>\n\t\t\t\t<div class=\"elementor-element elementor-element-cd5c351 elementor-hidden-phone elementor-widget elementor-widget-iprogress\" data-id=\"cd5c351\" data-element_type=\"widget\" data-widget_type=\"iprogress.default\">\n\t\t\t\t<div class=\"elementor-widget-container\">\n\t\t\t\t\t\r\n\t\t\t\t<div class=\"ot-progress\" data-percent=\"70\">\r\n\t\t\t<div class=\"overflow\">\r\n\t        \t<span class=\"pname f-left\">CLIENTES ACTUALES<\/span>\t        <\/div>\r\n\t        <div class=\"iprogress\">\r\n\t\t\t\t<div class=\"progress-bar\">\r\n\t\t\t\t\t<span class=\"ppercent\"><\/span>\t\t\t\t<\/div>\r\n\t\t\t<\/div>\r\n\t    <\/div>\r\n\t\t\t\t\t\t<\/div>\n\t\t\t\t<\/div>\n\t\t\t\t<div class=\"elementor-element elementor-element-96b004e elementor-hidden-phone elementor-widget elementor-widget-iprogress\" data-id=\"96b004e\" data-element_type=\"widget\" data-widget_type=\"iprogress.default\">\n\t\t\t\t<div class=\"elementor-widget-container\">\n\t\t\t\t\t\r\n\t\t\t\t<div class=\"ot-progress\" data-percent=\"85\">\r\n\t\t\t<div class=\"overflow\">\r\n\t        \t<span class=\"pname f-left\">TECNOLOG\u00cdA DE INVESTIGACI\u00d3N CIENT\u00cdFICA<\/span>\t        <\/div>\r\n\t        <div class=\"iprogress\">\r\n\t\t\t\t<div class=\"progress-bar\">\r\n\t\t\t\t\t<span class=\"ppercent\"><\/span>\t\t\t\t<\/div>\r\n\t\t\t<\/div>\r\n\t    <\/div>\r\n\t\t\t\t\t\t<\/div>\n\t\t\t\t<\/div>\n\t\t\t\t<div class=\"elementor-element elementor-element-094adb2 elementor-hidden-phone elementor-widget elementor-widget-iprogress\" data-id=\"094adb2\" data-element_type=\"widget\" data-widget_type=\"iprogress.default\">\n\t\t\t\t<div class=\"elementor-widget-container\">\n\t\t\t\t\t\r\n\t\t\t\t<div class=\"ot-progress\" data-percent=\"97\">\r\n\t\t\t<div class=\"overflow\">\r\n\t        \t<span class=\"pname f-left\">A\u00d1OS DE EXPERIENCIA<\/span>\t        <\/div>\r\n\t        <div class=\"iprogress\">\r\n\t\t\t\t<div class=\"progress-bar\">\r\n\t\t\t\t\t<span class=\"ppercent\"><\/span>\t\t\t\t<\/div>\r\n\t\t\t<\/div>\r\n\t    <\/div>\r\n\t\t\t\t\t\t<\/div>\n\t\t\t\t<\/div>\n\t\t\t\t\t<\/div>\n\t\t<\/div>\n\t\t\t\t<div class=\"elementor-column elementor-col-50 elementor-inner-column elementor-element elementor-element-c3b1962 ot-flex-column-vertical\" data-id=\"c3b1962\" data-element_type=\"column\">\n\t\t\t<div class=\"elementor-widget-wrap elementor-element-populated\">\n\t\t\t\t\t\t<div class=\"elementor-element elementor-element-b38266f elementor-widget elementor-widget-image\" data-id=\"b38266f\" data-element_type=\"widget\" data-widget_type=\"image.default\">\n\t\t\t\t<div class=\"elementor-widget-container\">\n\t\t\t\t\t\t\t\t\t\t\t\t\t\t\t<img fetchpriority=\"high\" decoding=\"async\" width=\"744\" height=\"615\" src=\"https:\/\/owinlaser.com\/wp-content\/uploads\/2022\/03\/2022030212.png\" class=\"attachment-full size-full wp-image-15991\" alt=\"\" srcset=\"https:\/\/owinlaser.com\/wp-content\/uploads\/2022\/03\/2022030212.png 744w, https:\/\/owinlaser.com\/wp-content\/uploads\/2022\/03\/2022030212-16x12.png 16w\" sizes=\"(max-width: 744px) 100vw, 744px\" \/>\t\t\t\t\t\t\t\t\t\t\t\t\t\t\t<\/div>\n\t\t\t\t<\/div>\n\t\t\t\t\t<\/div>\n\t\t<\/div>\n\t\t\t\t\t<\/div>\n\t\t<\/section>\n\t\t\t\t<div class=\"elementor-element elementor-element-bb28870 elementor-widget elementor-widget-text-editor\" data-id=\"bb28870\" data-element_type=\"widget\" data-widget_type=\"text-editor.default\">\n\t\t\t\t<div class=\"elementor-widget-container\">\n\t\t\t\t\t\t\t\t\t<p>Nuestros objetivos siempre son un servicio posventa de alta calidad y mejor.Tenemos m\u00e1s de 20 ingenieros profesionales, que pueden proporcionar a nuestros clientes el servicio de dise\u00f1o, reparaci\u00f3n, capacitaci\u00f3n, mantenimiento, etc.Los productos se han exportado a m\u00e1s pa\u00edses, como Reino Unido, Espa\u00f1a, Canad\u00e1, Estados Unidos, Oriente Medio, Rusia, India, etc.<br \/><br \/>Nuestros productos son ampliamente utilizados en la siguiente industria, como procesamiento de chapa, electr\u00f3nica, electrodom\u00e9sticos, ascensores, piezas de precisi\u00f3n, piezas de metro, autom\u00f3viles, barcos, equipos metal\u00fargicos, maquinaria textil, maquinaria de ingenier\u00eda, electrodom\u00e9sticos, regalos artesanales, aviaci\u00f3n. , industria aeroespacial, procesamiento de herramientas, decoraci\u00f3n, publicidad, procesamiento de cocinas, etc.<\/p>\t\t\t\t\t\t\t\t<\/div>\n\t\t\t\t<\/div>\n\t\t\t\t\t<\/div>\n\t\t<\/div>\n\t\t\t\t\t<\/div>\n\t\t<\/section>\n\t\t\t\t<section class=\"elementor-section elementor-top-section elementor-element elementor-element-b4e4983 elementor-section-content-middle elementor-section-boxed elementor-section-height-default elementor-section-height-default\" data-id=\"b4e4983\" data-element_type=\"section\" data-settings=\"{&quot;background_background&quot;:&quot;classic&quot;}\">\n\t\t\t\t\t\t<div class=\"elementor-container elementor-column-gap-extended\">\n\t\t\t\t\t<div class=\"elementor-column elementor-col-100 elementor-top-column elementor-element elementor-element-97a8572 ot-flex-column-vertical\" data-id=\"97a8572\" data-element_type=\"column\">\n\t\t\t<div class=\"elementor-widget-wrap elementor-element-populated\">\n\t\t\t\t\t\t<div class=\"elementor-element elementor-element-d9486d8 elementor-widget elementor-widget-itabs\" data-id=\"d9486d8\" data-element_type=\"widget\" data-widget_type=\"itabs.default\">\n\t\t\t\t<div class=\"elementor-widget-container\">\n\t\t\t\t\t\r\n\t\t<div class=\"ot-tabs\">\r\n\t\t\t\t\t\t<ul class=\"tabs-heading unstyle\">\r\n\t\t\t\t\t\t\t\t<li class=\"tab-link\" data-tab=\"tab-1258\">Interior de la f\u00e1brica<\/li>\r\n\t\t\t\t\t\t\t\t<li class=\"tab-link\" data-tab=\"tab-2258\">Area de oficina<\/li>\r\n\t\t\t\t\t\t\t\t<li class=\"tab-link\" data-tab=\"tab-3258\">nuestro equipo<\/li>\r\n\t\t\t\t\t\t\t<\/ul>\r\n\t\t\t\t\t\t<div id=\"tab-1258\" class=\"tab-content\">\r\n\t\t\t\t<p><img decoding=\"async\" class=\"alignnone size-full wp-image-15995\" src=\"http:\/\/owinlaser.com\/wp-content\/uploads\/2022\/03\/2022030292-1.jpg\" alt=\"\" width=\"1170\" height=\"642\" srcset=\"https:\/\/owinlaser.com\/wp-content\/uploads\/2022\/03\/2022030292-1.jpg 1170w, https:\/\/owinlaser.com\/wp-content\/uploads\/2022\/03\/2022030292-1-16x9.jpg 16w\" sizes=\"(max-width: 1170px) 100vw, 1170px\" \/><\/p>\t\t\t<\/div>\r\n\t\t\t\t\t\t<div id=\"tab-2258\" class=\"tab-content\">\r\n\t\t\t\t<img decoding=\"async\" class=\"alignnone size-full wp-image-15488\" src=\"http:\/\/owinlaser.com\/wp-content\/uploads\/2021\/10\/202110065.jpg\" alt=\"\" width=\"1170\" height=\"642\" \/>\t\t\t<\/div>\r\n\t\t\t\t\t\t<div id=\"tab-3258\" class=\"tab-content\">\r\n\t\t\t\t<img loading=\"lazy\" decoding=\"async\" class=\"alignnone size-full wp-image-15489\" src=\"http:\/\/owinlaser.com\/wp-content\/uploads\/2021\/10\/2021100613.jpg\" alt=\"\" width=\"1170\" height=\"642\" \/>\t\t\t<\/div>\r\n\t\t\t\t    <\/div>\r\n\r\n\t    \t\t\t\t<\/div>\n\t\t\t\t<\/div>\n\t\t\t\t\t<\/div>\n\t\t<\/div>\n\t\t\t\t\t<\/div>\n\t\t<\/section>\n\t\t\t\t<\/div>","protected":false},"excerpt":{"rendered":"<p>ABOUT OWIN LASER Jinan Owin CNC\u00a0 Equipment Co., Ltd. was established in 2005.The managing idea of our company is improving the high quality products for customers. We are well known for our superior quality and service in the field of engineering and manufacturing of laser machines including:fiber laser cutting machines,fiber laser marking machine, laser welding [&hellip;]<\/p>","protected":false},"author":1,"featured_media":0,"parent":0,"menu_order":0,"comment_status":"closed","ping_status":"closed","template":"","meta":{"footnotes":""},"class_list":["post-1958","page","type-page","status-publish","hentry"],"_links":{"self":[{"href":"https:\/\/owinlaser.com\/es\/wp-json\/wp\/v2\/pages\/1958","targetHints":{"allow":["GET"]}}],"collection":[{"href":"https:\/\/owinlaser.com\/es\/wp-json\/wp\/v2\/pages"}],"about":[{"href":"https:\/\/owinlaser.com\/es\/wp-json\/wp\/v2\/types\/page"}],"author":[{"embeddable":true,"href":"https:\/\/owinlaser.com\/es\/wp-json\/wp\/v2\/users\/1"}],"replies":[{"embeddable":true,"href":"https:\/\/owinlaser.com\/es\/wp-json\/wp\/v2\/comments?post=1958"}],"version-history":[{"count":0,"href":"https:\/\/owinlaser.com\/es\/wp-json\/wp\/v2\/pages\/1958\/revisions"}],"wp:attachment":[{"href":"https:\/\/owinlaser.com\/es\/wp-json\/wp\/v2\/media?parent=1958"}],"curies":[{"name":"wp","href":"https:\/\/api.w.org\/{rel}","templated":true}]}}