{"id":3985,"date":"2020-07-07T04:14:44","date_gmt":"2020-07-06T20:14:44","guid":{"rendered":"http:\/\/wpdemo.archiwp.com\/theratio\/?page_id=3985"},"modified":"2021-10-06T13:07:49","modified_gmt":"2021-10-06T05:07:49","slug":"corporate_news","status":"publish","type":"page","link":"https:\/\/owinlaser.com\/es\/corporate_news","title":{"rendered":"Noticias corporativas"},"content":{"rendered":"<div data-elementor-type=\"wp-page\" data-elementor-id=\"3985\" class=\"elementor elementor-3985\">\n\t\t\t\t\t\t<section class=\"elementor-section elementor-top-section elementor-element elementor-element-14a9d808 elementor-section-boxed elementor-section-height-default elementor-section-height-default\" data-id=\"14a9d808\" data-element_type=\"section\">\n\t\t\t\t\t\t<div class=\"elementor-container elementor-column-gap-default\">\n\t\t\t\t\t<div class=\"elementor-column elementor-col-100 elementor-top-column elementor-element elementor-element-7919f86 ot-flex-column-vertical\" data-id=\"7919f86\" data-element_type=\"column\">\n\t\t\t<div class=\"elementor-widget-wrap elementor-element-populated\">\n\t\t\t\t\t\t<div class=\"elementor-element elementor-element-304c66d elementor-widget elementor-widget-heading\" data-id=\"304c66d\" data-element_type=\"widget\" data-widget_type=\"heading.default\">\n\t\t\t\t<div class=\"elementor-widget-container\">\n\t\t\t\t\t<h2 class=\"elementor-heading-title elementor-size-default\">Noticias corporativas <\/h2>\t\t\t\t<\/div>\n\t\t\t\t<\/div>\n\t\t\t\t\t<\/div>\n\t\t<\/div>\n\t\t\t\t\t<\/div>\n\t\t<\/section>\n\t\t\t\t<section class=\"elementor-section elementor-top-section elementor-element elementor-element-3d510d1 elementor-section-boxed elementor-section-height-default elementor-section-height-default\" data-id=\"3d510d1\" data-element_type=\"section\">\n\t\t\t\t\t\t<div class=\"elementor-container elementor-column-gap-default\">\n\t\t\t\t\t<div class=\"elementor-column elementor-col-100 elementor-top-column elementor-element elementor-element-a53f8c2 ot-flex-column-vertical\" data-id=\"a53f8c2\" data-element_type=\"column\">\n\t\t\t<div class=\"elementor-widget-wrap elementor-element-populated\">\n\t\t\t\t\t\t<div class=\"elementor-element elementor-element-705f2bd lx_title1h elementor-widget elementor-widget-ipost_grid\" data-id=\"705f2bd\" data-element_type=\"widget\" data-widget_type=\"ipost_grid.default\">\n\t\t\t\t<div class=\"elementor-widget-container\">\n\t\t\t\t\t\t\t<div class=\"blog-grid pf_2_cols v-light\">\r\n        \t \r\n\t\t\t\t<article id=\"post-16070\" class=\"post-box masonry-post-item post-16070 post type-post status-publish format-standard hentry category-corporate_news\">\r\n\t\t\t\t\t<div class=\"post-inner\">\r\n\t\t\t\t\t    \t\t\t\r\n\t\t\t\t\t\t\t<!--<div class=\"entry-media\">\r\n\t\t\t\t\t        \t\t\t\t\t\t        <\/div>-->\r\n\r\n\t\t\t\t\t    \r\n\t\t\t\t\t    <div class=\"inner-post\">\r\n\t\t\t\t\t        <div class=\"entry-header\">\r\n\t\t\t\t\t        \t\t\t\t\t\t\t            <div class=\"entry-meta\">\r\n\t\t\t\t\t\t               2022-04-22\t\t\t\t\t\t            <\/div><!-- .entry-meta -->\r\n\t\t\t\t\t            \t\t\t\t\t            <h5 class=\"entry-title\"><a class=\"title-link\" href=\"https:\/\/owinlaser.com\/es\/corporate_news\/16070.html\" rel=\"bookmark\">Aplicaci\u00f3n y grandes ventajas de la m\u00e1quina de corte por l\u00e1ser de fibra en la industria de fabricaci\u00f3n de ascensores<\/a><\/h5>\t\t\t\t\t        <\/div><!-- .entry-header -->\r\n\r\n\t\t\t\t\t        <div class=\"the-excerpt video_excerp\">\r\n\t\t\t\t\t            With the economic growth, the elevator industry is developing more and more rapidly.&nbsp;The market is becoming more...\t\t\t\t\t        <\/div><!-- .entry-content -->\r\n\t\t\t\t\t    <\/div>\r\n\t\t\t\t\t<\/div>\r\n\t\t\t\t<\/article>\r\n\t         \r\n\t\t\t\t<article id=\"post-16067\" class=\"post-box masonry-post-item post-16067 post type-post status-publish format-standard hentry category-corporate_news\">\r\n\t\t\t\t\t<div class=\"post-inner\">\r\n\t\t\t\t\t    \t\t\t\r\n\t\t\t\t\t\t\t<!--<div class=\"entry-media\">\r\n\t\t\t\t\t        \t\t\t\t\t\t        <\/div>-->\r\n\r\n\t\t\t\t\t    \r\n\t\t\t\t\t    <div class=\"inner-post\">\r\n\t\t\t\t\t        <div class=\"entry-header\">\r\n\t\t\t\t\t        \t\t\t\t\t\t\t            <div class=\"entry-meta\">\r\n\t\t\t\t\t\t               2022-04-18\t\t\t\t\t\t            <\/div><!-- .entry-meta -->\r\n\t\t\t\t\t            \t\t\t\t\t            <h5 class=\"entry-title\"><a class=\"title-link\" href=\"https:\/\/owinlaser.com\/es\/corporate_news\/16067.html\" rel=\"bookmark\">La m\u00e1quina de limpieza por l\u00e1ser de fibra tiene grandes ventajas en el tratamiento de residuos de aleaci\u00f3n de magnesio\ufffc<\/a><\/h5>\t\t\t\t\t        <\/div><!-- .entry-header -->\r\n\r\n\t\t\t\t\t        <div class=\"the-excerpt video_excerp\">\r\n\t\t\t\t\t            In recent years, the use of magnesium alloy has increased sharply&nbsp;in industrial production,which&nbsp;mainly used in transportation equipment...\t\t\t\t\t        <\/div><!-- .entry-content -->\r\n\t\t\t\t\t    <\/div>\r\n\t\t\t\t\t<\/div>\r\n\t\t\t\t<\/article>\r\n\t         \r\n\t\t\t\t<article id=\"post-16064\" class=\"post-box masonry-post-item post-16064 post type-post status-publish format-standard hentry category-corporate_news\">\r\n\t\t\t\t\t<div class=\"post-inner\">\r\n\t\t\t\t\t    \t\t\t\r\n\t\t\t\t\t\t\t<!--<div class=\"entry-media\">\r\n\t\t\t\t\t        \t\t\t\t\t\t        <\/div>-->\r\n\r\n\t\t\t\t\t    \r\n\t\t\t\t\t    <div class=\"inner-post\">\r\n\t\t\t\t\t        <div class=\"entry-header\">\r\n\t\t\t\t\t        \t\t\t\t\t\t\t            <div class=\"entry-meta\">\r\n\t\t\t\t\t\t               2022-04-16\t\t\t\t\t\t            <\/div><!-- .entry-meta -->\r\n\t\t\t\t\t            \t\t\t\t\t            <h5 class=\"entry-title\"><a class=\"title-link\" href=\"https:\/\/owinlaser.com\/es\/corporate_news\/16064.html\" rel=\"bookmark\">\u00bfCu\u00e1les son las ventajas de la m\u00e1quina de soldadura l\u00e1ser de fibra port\u00e1til? \u00bfCu\u00e1les son los \u00e1mbitos de aplicaci\u00f3n?<\/a><\/h5>\t\t\t\t\t        <\/div><!-- .entry-header -->\r\n\r\n\t\t\t\t\t        <div class=\"the-excerpt video_excerp\">\r\n\t\t\t\t\t            Handheld fiber laser welding machine\u00a0is a non &#8211; contact welding method, welding process without pressure. The working...\t\t\t\t\t        <\/div><!-- .entry-content -->\r\n\t\t\t\t\t    <\/div>\r\n\t\t\t\t\t<\/div>\r\n\t\t\t\t<\/article>\r\n\t         \r\n\t\t\t\t<article id=\"post-16060\" class=\"post-box masonry-post-item post-16060 post type-post status-publish format-standard hentry category-corporate_news\">\r\n\t\t\t\t\t<div class=\"post-inner\">\r\n\t\t\t\t\t    \t\t\t\r\n\t\t\t\t\t\t\t<!--<div class=\"entry-media\">\r\n\t\t\t\t\t        \t\t\t\t\t\t        <\/div>-->\r\n\r\n\t\t\t\t\t    \r\n\t\t\t\t\t    <div class=\"inner-post\">\r\n\t\t\t\t\t        <div class=\"entry-header\">\r\n\t\t\t\t\t        \t\t\t\t\t\t\t            <div class=\"entry-meta\">\r\n\t\t\t\t\t\t               2022-04-13\t\t\t\t\t\t            <\/div><!-- .entry-meta -->\r\n\t\t\t\t\t            \t\t\t\t\t            <h5 class=\"entry-title\"><a class=\"title-link\" href=\"https:\/\/owinlaser.com\/es\/corporate_news\/16060.html\" rel=\"bookmark\">\u00bfCu\u00e1les son las razones del efecto de marcado desigual de la m\u00e1quina de marcado l\u00e1ser de fibra? \u00bfC\u00f3mo solucionarlo?\ufffc<\/a><\/h5>\t\t\t\t\t        <\/div><!-- .entry-header -->\r\n\r\n\t\t\t\t\t        <div class=\"the-excerpt video_excerp\">\r\n\t\t\t\t\t            With the development and improvement of laser processing technology, fiber laser marking machine has become an indispensable...\t\t\t\t\t        <\/div><!-- .entry-content -->\r\n\t\t\t\t\t    <\/div>\r\n\t\t\t\t\t<\/div>\r\n\t\t\t\t<\/article>\r\n\t         \r\n\t\t\t\t<article id=\"post-16057\" class=\"post-box masonry-post-item post-16057 post type-post status-publish format-standard hentry category-corporate_news\">\r\n\t\t\t\t\t<div class=\"post-inner\">\r\n\t\t\t\t\t    \t\t\t\r\n\t\t\t\t\t\t\t<!--<div class=\"entry-media\">\r\n\t\t\t\t\t        \t\t\t\t\t\t        <\/div>-->\r\n\r\n\t\t\t\t\t    \r\n\t\t\t\t\t    <div class=\"inner-post\">\r\n\t\t\t\t\t        <div class=\"entry-header\">\r\n\t\t\t\t\t        \t\t\t\t\t\t\t            <div class=\"entry-meta\">\r\n\t\t\t\t\t\t               2022-04-11\t\t\t\t\t\t            <\/div><!-- .entry-meta -->\r\n\t\t\t\t\t            \t\t\t\t\t            <h5 class=\"entry-title\"><a class=\"title-link\" href=\"https:\/\/owinlaser.com\/es\/corporate_news\/16057.html\" rel=\"bookmark\">\u00bfCu\u00e1les son las aplicaciones de la m\u00e1quina de limpieza por l\u00e1ser de fibra en la industria ferroviaria?<\/a><\/h5>\t\t\t\t\t        <\/div><!-- .entry-header -->\r\n\r\n\t\t\t\t\t        <div class=\"the-excerpt video_excerp\">\r\n\t\t\t\t\t            With the continuous development of railway train technology, train speed is constantly improving, which puts forward higher...\t\t\t\t\t        <\/div><!-- .entry-content -->\r\n\t\t\t\t\t    <\/div>\r\n\t\t\t\t\t<\/div>\r\n\t\t\t\t<\/article>\r\n\t         \r\n\t\t\t\t<article id=\"post-16054\" class=\"post-box masonry-post-item post-16054 post type-post status-publish format-standard hentry category-corporate_news\">\r\n\t\t\t\t\t<div class=\"post-inner\">\r\n\t\t\t\t\t    \t\t\t\r\n\t\t\t\t\t\t\t<!--<div class=\"entry-media\">\r\n\t\t\t\t\t        \t\t\t\t\t\t        <\/div>-->\r\n\r\n\t\t\t\t\t    \r\n\t\t\t\t\t    <div class=\"inner-post\">\r\n\t\t\t\t\t        <div class=\"entry-header\">\r\n\t\t\t\t\t        \t\t\t\t\t\t\t            <div class=\"entry-meta\">\r\n\t\t\t\t\t\t               2022-04-09\t\t\t\t\t\t            <\/div><!-- .entry-meta -->\r\n\t\t\t\t\t            \t\t\t\t\t            <h5 class=\"entry-title\"><a class=\"title-link\" href=\"https:\/\/owinlaser.com\/es\/corporate_news\/16054.html\" rel=\"bookmark\">La diferencia entre la m\u00e1quina de corte por l\u00e1ser de fibra y la m\u00e1quina de corte por plasma\ufffc<\/a><\/h5>\t\t\t\t\t        <\/div><!-- .entry-header -->\r\n\r\n\t\t\t\t\t        <div class=\"the-excerpt video_excerp\">\r\n\t\t\t\t\t            Working principleFiber laser cutting machine is to use the energy contained in the laser beam to melt...\t\t\t\t\t        <\/div><!-- .entry-content -->\r\n\t\t\t\t\t    <\/div>\r\n\t\t\t\t\t<\/div>\r\n\t\t\t\t<\/article>\r\n\t        \t    <\/div>\r\n\t    <ul class=\"page-pagination none-style\">\n\t<li><span aria-current=\"page\" class=\"page-numbers current\">1<\/span><\/li>\n\t<li><a class=\"page-numbers\" href=\"https:\/\/owinlaser.com\/es\/wp-json\/wp\/v2\/pages\/3985\/page\/2\">2<\/a><\/li>\n\t<li><a class=\"page-numbers\" href=\"https:\/\/owinlaser.com\/es\/wp-json\/wp\/v2\/pages\/3985\/page\/3\">3<\/a><\/li>\n\t<li><a class=\"page-numbers\" href=\"https:\/\/owinlaser.com\/es\/wp-json\/wp\/v2\/pages\/3985\/page\/4\">4<\/a><\/li>\n\t<li><span class=\"page-numbers dots\">\u2026<\/span><\/li>\n\t<li><a class=\"page-numbers\" href=\"https:\/\/owinlaser.com\/es\/wp-json\/wp\/v2\/pages\/3985\/page\/13\">13<\/a><\/li>\n\t<li><a class=\"page-numbers\" href=\"https:\/\/owinlaser.com\/es\/wp-json\/wp\/v2\/pages\/3985\/page\/14\">14<\/a><\/li>\n\t<li><a class=\"page-numbers\" href=\"https:\/\/owinlaser.com\/es\/wp-json\/wp\/v2\/pages\/3985\/page\/15\">15<\/a><\/li>\n\t<li><a class=\"next page-numbers\" href=\"https:\/\/owinlaser.com\/es\/wp-json\/wp\/v2\/pages\/3985\/page\/2\"><i class=\"ot-flaticon-right-arrow\"><\/i><\/a><\/li>\n<\/ul>\n\t    \r\n\t\t\t\t\t\t<\/div>\n\t\t\t\t<\/div>\n\t\t\t\t\t<\/div>\n\t\t<\/div>\n\t\t\t\t\t<\/div>\n\t\t<\/section>\n\t\t\t\t<\/div>","protected":false},"excerpt":{"rendered":"<p>Corporate News 2021-09-30 What is the cause of burning phenomenon for fiber laser cutting machine in the process of metal sheet? How to avoid this problem effectively? With the maturity and development of laser cutting technology, more and more enterprises will choose fiber laser&#8230; 2021-09-30 Why will fiber laser cutting machine have error after using [&hellip;]<\/p>","protected":false},"author":1,"featured_media":0,"parent":0,"menu_order":0,"comment_status":"closed","ping_status":"closed","template":"","meta":{"footnotes":""},"class_list":["post-3985","page","type-page","status-publish","hentry"],"_links":{"self":[{"href":"https:\/\/owinlaser.com\/es\/wp-json\/wp\/v2\/pages\/3985","targetHints":{"allow":["GET"]}}],"collection":[{"href":"https:\/\/owinlaser.com\/es\/wp-json\/wp\/v2\/pages"}],"about":[{"href":"https:\/\/owinlaser.com\/es\/wp-json\/wp\/v2\/types\/page"}],"author":[{"embeddable":true,"href":"https:\/\/owinlaser.com\/es\/wp-json\/wp\/v2\/users\/1"}],"replies":[{"embeddable":true,"href":"https:\/\/owinlaser.com\/es\/wp-json\/wp\/v2\/comments?post=3985"}],"version-history":[{"count":0,"href":"https:\/\/owinlaser.com\/es\/wp-json\/wp\/v2\/pages\/3985\/revisions"}],"wp:attachment":[{"href":"https:\/\/owinlaser.com\/es\/wp-json\/wp\/v2\/media?parent=3985"}],"curies":[{"name":"wp","href":"https:\/\/api.w.org\/{rel}","templated":true}]}}