{"id":9467,"date":"2021-05-20T16:12:24","date_gmt":"2021-05-20T08:12:24","guid":{"rendered":"http:\/\/owinlaser.com\/?page_id=9467"},"modified":"2021-09-27T14:55:47","modified_gmt":"2021-09-27T06:55:47","slug":"service-2","status":"publish","type":"page","link":"https:\/\/owinlaser.com\/es\/service-2","title":{"rendered":"Servicio"},"content":{"rendered":"<div data-elementor-type=\"wp-page\" data-elementor-id=\"9467\" class=\"elementor elementor-9467\">\n\t\t\t\t\t\t<section class=\"elementor-section elementor-top-section elementor-element elementor-element-bdd9939 elementor-section-content-middle elementor-section-boxed elementor-section-height-default elementor-section-height-default\" data-id=\"bdd9939\" data-element_type=\"section\" data-settings=\"{&quot;background_background&quot;:&quot;classic&quot;}\">\n\t\t\t\t\t\t<div class=\"elementor-container elementor-column-gap-extended\">\n\t\t\t\t\t<div class=\"elementor-column elementor-col-100 elementor-top-column elementor-element elementor-element-c955026 ot-flex-column-vertical\" data-id=\"c955026\" data-element_type=\"column\">\n\t\t\t<div class=\"elementor-widget-wrap elementor-element-populated\">\n\t\t\t\t\t\t<div class=\"elementor-element elementor-element-f9fb288 elementor-widget elementor-widget-heading\" data-id=\"f9fb288\" data-element_type=\"widget\" data-widget_type=\"heading.default\">\n\t\t\t\t<div class=\"elementor-widget-container\">\n\t\t\t\t\t<h2 class=\"elementor-heading-title elementor-size-default\">Servicio<\/h2>\t\t\t\t<\/div>\n\t\t\t\t<\/div>\n\t\t\t\t<div class=\"elementor-element elementor-element-8f22055 elementor-widget elementor-widget-text-editor\" data-id=\"8f22055\" data-element_type=\"widget\" data-widget_type=\"text-editor.default\">\n\t\t\t\t<div class=\"elementor-widget-container\">\n\t\t\t\t\t\t\t\t\t<p>Capacitaci\u00f3n:<br>OWIN LASER se adhiere a poner a los clientes en el primer lugar para proporcionar una instalaci\u00f3n completa, puesta en marcha, capacitaci\u00f3n, mantenimiento, servicio de preventa y posventa para su empresa.<\/p>\t\t\t\t\t\t\t\t<\/div>\n\t\t\t\t<\/div>\n\t\t\t\t<section class=\"elementor-section elementor-inner-section elementor-element elementor-element-d6edee6 elementor-section-boxed elementor-section-height-default elementor-section-height-default\" data-id=\"d6edee6\" data-element_type=\"section\">\n\t\t\t\t\t\t<div class=\"elementor-container elementor-column-gap-default\">\n\t\t\t\t\t<div class=\"elementor-column elementor-col-50 elementor-inner-column elementor-element elementor-element-d5cf29a ot-flex-column-vertical\" data-id=\"d5cf29a\" data-element_type=\"column\">\n\t\t\t<div class=\"elementor-widget-wrap elementor-element-populated\">\n\t\t\t\t\t\t<div class=\"elementor-element elementor-element-97fd737 elementor-hidden-desktop elementor-widget elementor-widget-image\" data-id=\"97fd737\" data-element_type=\"widget\" data-widget_type=\"image.default\">\n\t\t\t\t<div class=\"elementor-widget-container\">\n\t\t\t\t\t\t\t\t\t\t\t\t\t\t\t<img fetchpriority=\"high\" decoding=\"async\" width=\"744\" height=\"409\" src=\"https:\/\/owinlaser.com\/wp-content\/uploads\/2021\/09\/2021092532.jpg\" class=\"attachment-large size-large wp-image-13950\" alt=\"\" \/>\t\t\t\t\t\t\t\t\t\t\t\t\t\t\t<\/div>\n\t\t\t\t<\/div>\n\t\t\t\t<div class=\"elementor-element elementor-element-8cbdc3c elementor-widget elementor-widget-heading\" data-id=\"8cbdc3c\" data-element_type=\"widget\" data-widget_type=\"heading.default\">\n\t\t\t\t<div class=\"elementor-widget-container\">\n\t\t\t\t\t<h2 class=\"elementor-heading-title elementor-size-default\">1. Servicios de preventa <\/h2>\t\t\t\t<\/div>\n\t\t\t\t<\/div>\n\t\t\t\t<div class=\"elementor-element elementor-element-f661110 elementor-widget elementor-widget-text-editor\" data-id=\"f661110\" data-element_type=\"widget\" data-widget_type=\"text-editor.default\">\n\t\t\t\t<div class=\"elementor-widget-container\">\n\t\t\t\t\t\t\t\t\t<p>Antes de firmar un contrato, nuestra empresa proporciona a los clientes una variedad de propuestas de tecnolog\u00eda de producci\u00f3n, asesoramiento t\u00e9cnico de m\u00e1quinas l\u00e1ser, muestras de muestras, selecci\u00f3n de equipos, precio, etc., todos los aspectos de consultor\u00eda y servicios. <br \/>Damos la m\u00e1s sincera bienvenida a los clientes para que visiten nuestra f\u00e1brica y les proporcionamos personal de recepci\u00f3n, comida, transporte y otros servicios.<\/p>\t\t\t\t\t\t\t\t<\/div>\n\t\t\t\t<\/div>\n\t\t\t\t\t<\/div>\n\t\t<\/div>\n\t\t\t\t<div class=\"elementor-column elementor-col-50 elementor-inner-column elementor-element elementor-element-b95d937 ot-flex-column-vertical\" data-id=\"b95d937\" data-element_type=\"column\">\n\t\t\t<div class=\"elementor-widget-wrap elementor-element-populated\">\n\t\t\t\t\t\t<div class=\"elementor-element elementor-element-a06216a elementor-widget elementor-widget-image\" data-id=\"a06216a\" data-element_type=\"widget\" data-widget_type=\"image.default\">\n\t\t\t\t<div class=\"elementor-widget-container\">\n\t\t\t\t\t\t\t\t\t\t\t\t\t\t\t<img fetchpriority=\"high\" decoding=\"async\" width=\"744\" height=\"409\" src=\"https:\/\/owinlaser.com\/wp-content\/uploads\/2021\/09\/2021092532.jpg\" class=\"attachment-large size-large wp-image-13950\" alt=\"\" \/>\t\t\t\t\t\t\t\t\t\t\t\t\t\t\t<\/div>\n\t\t\t\t<\/div>\n\t\t\t\t\t<\/div>\n\t\t<\/div>\n\t\t\t\t\t<\/div>\n\t\t<\/section>\n\t\t\t\t<section class=\"elementor-section elementor-inner-section elementor-element elementor-element-308d38e elementor-section-boxed elementor-section-height-default elementor-section-height-default\" data-id=\"308d38e\" data-element_type=\"section\">\n\t\t\t\t\t\t<div class=\"elementor-container elementor-column-gap-default\">\n\t\t\t\t\t<div class=\"elementor-column elementor-col-50 elementor-inner-column elementor-element elementor-element-b426f9b ot-flex-column-vertical\" data-id=\"b426f9b\" data-element_type=\"column\">\n\t\t\t<div class=\"elementor-widget-wrap elementor-element-populated\">\n\t\t\t\t\t\t<div class=\"elementor-element elementor-element-a649f0a elementor-widget elementor-widget-image\" data-id=\"a649f0a\" data-element_type=\"widget\" data-widget_type=\"image.default\">\n\t\t\t\t<div class=\"elementor-widget-container\">\n\t\t\t\t\t\t\t\t\t\t\t\t\t\t\t<img decoding=\"async\" width=\"744\" height=\"615\" src=\"https:\/\/owinlaser.com\/wp-content\/uploads\/2021\/09\/2021092518.jpg\" class=\"attachment-large size-large wp-image-13951\" alt=\"\" \/>\t\t\t\t\t\t\t\t\t\t\t\t\t\t\t<\/div>\n\t\t\t\t<\/div>\n\t\t\t\t\t<\/div>\n\t\t<\/div>\n\t\t\t\t<div class=\"elementor-column elementor-col-50 elementor-inner-column elementor-element elementor-element-bda4e37 ot-flex-column-vertical\" data-id=\"bda4e37\" data-element_type=\"column\">\n\t\t\t<div class=\"elementor-widget-wrap elementor-element-populated\">\n\t\t\t\t\t\t<div class=\"elementor-element elementor-element-28a1b54 elementor-widget elementor-widget-heading\" data-id=\"28a1b54\" data-element_type=\"widget\" data-widget_type=\"heading.default\">\n\t\t\t\t<div class=\"elementor-widget-container\">\n\t\t\t\t\t<h2 class=\"elementor-heading-title elementor-size-default\">2. Venta de servicios<\/h2>\t\t\t\t<\/div>\n\t\t\t\t<\/div>\n\t\t\t\t<div class=\"elementor-element elementor-element-402707a elementor-widget elementor-widget-text-editor\" data-id=\"402707a\" data-element_type=\"widget\" data-widget_type=\"text-editor.default\">\n\t\t\t\t<div class=\"elementor-widget-container\">\n\t\t\t\t\t\t\t\t\t<p>Si tiene alguna pregunta sobre ventas, no dude en ponerse en contacto con el gerente de ventas.Si los clientes tienen problemas con la m\u00e1quina, comun\u00edquese con nuestro dise\u00f1ador e ingeniero para obtener la mejor soluci\u00f3n y elegir las m\u00e1quinas l\u00e1ser m\u00e1s adecuadas. para que los clientes coloquen de forma segura dentro del tiempo especificado. Y el ingeniero puede ir a su puerta para instalar la m\u00e1quina l\u00e1ser de fibra si es necesario. Bajo las condiciones b\u00e1sicas de instalaci\u00f3n, el ingeniero completar\u00e1 la instalaci\u00f3n y puesta en servicio de la m\u00e1quina l\u00e1ser dentro de 1-2 d\u00edas para el cliente.Ofrecemos capacitaci\u00f3n t\u00e9cnica para los clientes al menos 3 d\u00edas en el lugar del cliente o en su propia f\u00e1brica de l\u00e1ser hasta que el operador Puede utilizar la m\u00e1quina l\u00e1ser. La formaci\u00f3n de la siguiente manera:<br \/>Instrucci\u00f3n operativa de entrenamiento para encender y apagar la m\u00e1quina;<br \/>Significado de los par\u00e1metros del panel y de control<br \/>Rango de selecci\u00f3n de par\u00e1metros de entrenamiento<br \/>Operaci\u00f3n del software de control de entrenamiento <br \/>Mantenimiento b\u00e1sico y limpieza de la m\u00e1quina<br \/>Lidiando con un problema com\u00fan de hardware<br \/>Preguntas se\u00f1aladas en el proceso operativo<br \/>Adem\u00e1s, tambi\u00e9n brindamos a los usuarios el soporte t\u00e9cnico relacionado con sus productos.<\/p>\t\t\t\t\t\t\t\t<\/div>\n\t\t\t\t<\/div>\n\t\t\t\t\t<\/div>\n\t\t<\/div>\n\t\t\t\t\t<\/div>\n\t\t<\/section>\n\t\t\t\t<section class=\"elementor-section elementor-inner-section elementor-element elementor-element-b458c37 elementor-section-boxed elementor-section-height-default elementor-section-height-default\" data-id=\"b458c37\" data-element_type=\"section\">\n\t\t\t\t\t\t<div class=\"elementor-container elementor-column-gap-default\">\n\t\t\t\t\t<div class=\"elementor-column elementor-col-50 elementor-inner-column elementor-element elementor-element-dfda758 ot-flex-column-vertical\" data-id=\"dfda758\" data-element_type=\"column\">\n\t\t\t<div class=\"elementor-widget-wrap elementor-element-populated\">\n\t\t\t\t\t\t<div class=\"elementor-element elementor-element-718c722 elementor-hidden-desktop elementor-widget elementor-widget-image\" data-id=\"718c722\" data-element_type=\"widget\" data-widget_type=\"image.default\">\n\t\t\t\t<div class=\"elementor-widget-container\">\n\t\t\t\t\t\t\t\t\t\t\t\t\t\t\t<img decoding=\"async\" width=\"744\" height=\"409\" src=\"https:\/\/owinlaser.com\/wp-content\/uploads\/2021\/09\/2021092550.jpg\" class=\"attachment-large size-large wp-image-13952\" alt=\"\" \/>\t\t\t\t\t\t\t\t\t\t\t\t\t\t\t<\/div>\n\t\t\t\t<\/div>\n\t\t\t\t<div class=\"elementor-element elementor-element-143fc0f elementor-widget elementor-widget-heading\" data-id=\"143fc0f\" data-element_type=\"widget\" data-widget_type=\"heading.default\">\n\t\t\t\t<div class=\"elementor-widget-container\">\n\t\t\t\t\t<h2 class=\"elementor-heading-title elementor-size-default\">3. Servicios posventa <\/h2>\t\t\t\t<\/div>\n\t\t\t\t<\/div>\n\t\t\t\t<div class=\"elementor-element elementor-element-4ee7c50 elementor-widget elementor-widget-text-editor\" data-id=\"4ee7c50\" data-element_type=\"widget\" data-widget_type=\"text-editor.default\">\n\t\t\t\t<div class=\"elementor-widget-container\">\n\t\t\t\t\t\t\t\t\t<p>Brindar a los clientes todos los aspectos del servicio. Nosotros prometemos: <br \/>1. Dos a\u00f1os de garant\u00eda de la cortadora l\u00e1ser de fibra. <br \/>2. Respuesta inmediata online de lunes a domingo.<br \/>3. Proporcionar piezas de repuesto de las m\u00e1quinas l\u00e1ser dentro de la garant\u00eda de forma gratuita, excepto los consumibles.<br \/>4. Proporcionar una amplia gama de soporte de hardware y software despu\u00e9s de la garant\u00eda y disfrutar de actualizaciones gratuitas.<\/p>\t\t\t\t\t\t\t\t<\/div>\n\t\t\t\t<\/div>\n\t\t\t\t\t<\/div>\n\t\t<\/div>\n\t\t\t\t<div class=\"elementor-column elementor-col-50 elementor-inner-column elementor-element elementor-element-2bc324e ot-flex-column-vertical\" data-id=\"2bc324e\" data-element_type=\"column\">\n\t\t\t<div class=\"elementor-widget-wrap elementor-element-populated\">\n\t\t\t\t\t\t<div class=\"elementor-element elementor-element-c11beb1 elementor-widget elementor-widget-image\" data-id=\"c11beb1\" data-element_type=\"widget\" data-widget_type=\"image.default\">\n\t\t\t\t<div class=\"elementor-widget-container\">\n\t\t\t\t\t\t\t\t\t\t\t\t\t\t\t<img decoding=\"async\" width=\"744\" height=\"409\" src=\"https:\/\/owinlaser.com\/wp-content\/uploads\/2021\/09\/2021092550.jpg\" class=\"attachment-large size-large wp-image-13952\" alt=\"\" \/>\t\t\t\t\t\t\t\t\t\t\t\t\t\t\t<\/div>\n\t\t\t\t<\/div>\n\t\t\t\t\t<\/div>\n\t\t<\/div>\n\t\t\t\t\t<\/div>\n\t\t<\/section>\n\t\t\t\t<section class=\"elementor-section elementor-inner-section elementor-element elementor-element-c757e8e elementor-section-boxed elementor-section-height-default elementor-section-height-default\" data-id=\"c757e8e\" data-element_type=\"section\">\n\t\t\t\t\t\t<div class=\"elementor-container elementor-column-gap-default\">\n\t\t\t\t\t<div class=\"elementor-column elementor-col-50 elementor-inner-column elementor-element elementor-element-8beb040 ot-flex-column-vertical\" data-id=\"8beb040\" data-element_type=\"column\">\n\t\t\t<div class=\"elementor-widget-wrap elementor-element-populated\">\n\t\t\t\t\t\t<div class=\"elementor-element elementor-element-c2c32b1 elementor-widget elementor-widget-image\" data-id=\"c2c32b1\" data-element_type=\"widget\" data-widget_type=\"image.default\">\n\t\t\t\t<div class=\"elementor-widget-container\">\n\t\t\t\t\t\t\t\t\t\t\t\t\t\t\t<img loading=\"lazy\" decoding=\"async\" width=\"744\" height=\"409\" src=\"https:\/\/owinlaser.com\/wp-content\/uploads\/2021\/09\/2021092553.jpg\" class=\"attachment-large size-large wp-image-13956\" alt=\"\" \/>\t\t\t\t\t\t\t\t\t\t\t\t\t\t\t<\/div>\n\t\t\t\t<\/div>\n\t\t\t\t\t<\/div>\n\t\t<\/div>\n\t\t\t\t<div class=\"elementor-column elementor-col-50 elementor-inner-column elementor-element elementor-element-c741191 ot-flex-column-vertical\" data-id=\"c741191\" data-element_type=\"column\">\n\t\t\t<div class=\"elementor-widget-wrap elementor-element-populated\">\n\t\t\t\t\t\t<div class=\"elementor-element elementor-element-613cdcc elementor-widget elementor-widget-heading\" data-id=\"613cdcc\" data-element_type=\"widget\" data-widget_type=\"heading.default\">\n\t\t\t\t<div class=\"elementor-widget-container\">\n\t\t\t\t\t<h2 class=\"elementor-heading-title elementor-size-default\">4. Garant\u00eda de calidad<\/h2>\t\t\t\t<\/div>\n\t\t\t\t<\/div>\n\t\t\t\t<div class=\"elementor-element elementor-element-3a554f3 elementor-widget elementor-widget-text-editor\" data-id=\"3a554f3\" data-element_type=\"widget\" data-widget_type=\"text-editor.default\">\n\t\t\t\t<div class=\"elementor-widget-container\">\n\t\t\t\t\t\t\t\t\t<p>El l\u00e1ser Owin garantiza la calidad superior de las m\u00e1quinas l\u00e1ser. La prueba final de cada conjunto de m\u00e1quinas se realizar\u00e1 antes del env\u00edo. Y es necesario enviar el informe de inspecci\u00f3n de calidad de cada conjunto de m\u00e1quinas l\u00e1ser al departamento de inspecci\u00f3n de calidad. Cada conjunto de m\u00e1quinas l\u00e1ser de fibra se ejecutar\u00e1 durante unos d\u00edas en nuestra f\u00e1brica, lo que puede garantizar el mejor rendimiento de las m\u00e1quinas l\u00e1ser.<br \/>Finalmente, se har\u00e1 un buen paquete para las m\u00e1quinas y se entregar\u00e1 a los clientes.<\/p>\t\t\t\t\t\t\t\t<\/div>\n\t\t\t\t<\/div>\n\t\t\t\t\t<\/div>\n\t\t<\/div>\n\t\t\t\t\t<\/div>\n\t\t<\/section>\n\t\t\t\t\t<\/div>\n\t\t<\/div>\n\t\t\t\t\t<\/div>\n\t\t<\/section>\n\t\t\t\t<\/div>","protected":false},"excerpt":{"rendered":"<p>Service Training:OWIN LASER adheres to put customers at the first place to provide complete installation, commissioning, training, maintenance, pre-sales and after-sales service for your company. 1. Pre-sale services Before signing a contract, our company provides customers a variety of production technology proposal, technical advice of laser machines, sample specimens, equipment selection, and price etc. all [&hellip;]<\/p>","protected":false},"author":1,"featured_media":0,"parent":0,"menu_order":0,"comment_status":"closed","ping_status":"closed","template":"","meta":{"footnotes":""},"class_list":["post-9467","page","type-page","status-publish","hentry"],"_links":{"self":[{"href":"https:\/\/owinlaser.com\/es\/wp-json\/wp\/v2\/pages\/9467","targetHints":{"allow":["GET"]}}],"collection":[{"href":"https:\/\/owinlaser.com\/es\/wp-json\/wp\/v2\/pages"}],"about":[{"href":"https:\/\/owinlaser.com\/es\/wp-json\/wp\/v2\/types\/page"}],"author":[{"embeddable":true,"href":"https:\/\/owinlaser.com\/es\/wp-json\/wp\/v2\/users\/1"}],"replies":[{"embeddable":true,"href":"https:\/\/owinlaser.com\/es\/wp-json\/wp\/v2\/comments?post=9467"}],"version-history":[{"count":0,"href":"https:\/\/owinlaser.com\/es\/wp-json\/wp\/v2\/pages\/9467\/revisions"}],"wp:attachment":[{"href":"https:\/\/owinlaser.com\/es\/wp-json\/wp\/v2\/media?parent=9467"}],"curies":[{"name":"wp","href":"https:\/\/api.w.org\/{rel}","templated":true}]}}